{"id":2490,"date":"2025-11-25T20:28:41","date_gmt":"2025-11-25T19:28:41","guid":{"rendered":"https:\/\/hotelwada.inicial.si\/wellness\/"},"modified":"2026-02-03T11:13:02","modified_gmt":"2026-02-03T10:13:02","slug":"wellness","status":"publish","type":"page","link":"https:\/\/hotelwada.inicial.si\/de\/wellness\/","title":{"rendered":"Wellness"},"content":{"rendered":"\t\t<div data-elementor-type=\"wp-page\" data-elementor-id=\"2490\" class=\"elementor elementor-2490 elementor-19\" data-elementor-post-type=\"page\">\n\t\t\t\t<div class=\"elementor-element elementor-element-5a2379a e-flex e-con-boxed e-con e-parent\" data-id=\"5a2379a\" data-element_type=\"container\" data-e-type=\"container\" data-settings=\"{&quot;background_background&quot;:&quot;classic&quot;}\">\n\t\t\t\t\t<div class=\"e-con-inner\">\n\t\t\t\t<div class=\"elementor-element elementor-element-93b2440 elementor-widget elementor-widget-breadcrumbs\" data-id=\"93b2440\" data-element_type=\"widget\" data-e-type=\"widget\" data-widget_type=\"breadcrumbs.default\">\n\t\t\t\t\t<p id=\"breadcrumbs\"><span><span><a href=\"https:\/\/hotelwada.inicial.si\/de\/\">Startseite<\/a><\/span><\/span><\/p>\t\t\t\t<\/div>\n\t\t\t\t<div class=\"elementor-element elementor-element-499eb0f elementor-widget elementor-widget-heading\" data-id=\"499eb0f\" data-element_type=\"widget\" data-e-type=\"widget\" data-widget_type=\"heading.default\">\n\t\t\t\t\t<h1 class=\"elementor-heading-title elementor-size-default\">Wellness<\/h1>\t\t\t\t<\/div>\n\t\t\t\t\t<\/div>\n\t\t\t\t<\/div>\n\t\t<div class=\"elementor-element elementor-element-02ae7b6 s-lr-p e-flex e-con-boxed e-con e-parent\" data-id=\"02ae7b6\" data-element_type=\"container\" data-e-type=\"container\" data-settings=\"{&quot;background_background&quot;:&quot;classic&quot;}\">\n\t\t\t\t\t<div class=\"e-con-inner\">\n\t\t\t\t<div class=\"elementor-element elementor-element-7cf1f66 tag elementor-widget elementor-widget-heading\" data-id=\"7cf1f66\" data-element_type=\"widget\" data-e-type=\"widget\" data-widget_type=\"heading.default\">\n\t\t\t\t\t<span class=\"elementor-heading-title elementor-size-default\">Was wir anbieten<\/span>\t\t\t\t<\/div>\n\t\t<div class=\"elementor-element elementor-element-83d4bff e-grid e-con-boxed e-con e-child\" data-id=\"83d4bff\" data-element_type=\"container\" data-e-type=\"container\">\n\t\t\t\t\t<div class=\"e-con-inner\">\n\t\t\t\t<div class=\"elementor-element elementor-element-e25e3a3 elementor-widget elementor-widget-heading\" data-id=\"e25e3a3\" data-element_type=\"widget\" data-e-type=\"widget\" data-widget_type=\"heading.default\">\n\t\t\t\t\t<h2 class=\"elementor-heading-title elementor-size-default\">Nehmen Sie sich einen Moment Zeit, um Ihren K\u00f6rper zu regenerieren<\/h2>\t\t\t\t<\/div>\n\t\t\t\t<div class=\"elementor-element elementor-element-32bd3ca elementor-widget elementor-widget-text-editor\" data-id=\"32bd3ca\" data-element_type=\"widget\" data-e-type=\"widget\" data-widget_type=\"text-editor.default\">\n\t\t\t\t\t\t\t\t\t<p><span style=\"font-weight: 400;\">Die Zeit bekommt eine andere Bedeutung, wenn Sie sich einen Moment Zeit nehmen, um Ihren K\u00f6rper zu regenerieren, was Sie bisher immer aufgeschoben haben. Das Verw\u00f6hnprogramm in unseren Saunen verleiht Ihrer Haut neuen Glanz, entspannt Ihre Muskeln und h\u00fcllt Sie in ein wohltuendes Gef\u00fchl tiefer Regeneration. <\/span><\/p>\t\t\t\t\t\t\t\t<\/div>\n\t\t\t\t\t<\/div>\n\t\t\t\t<\/div>\n\t\t\t\t\t<\/div>\n\t\t\t\t<\/div>\n\t\t<div class=\"elementor-element elementor-element-9832842 s-tb-p s-lr-p e-flex e-con-boxed e-con e-parent\" data-id=\"9832842\" data-element_type=\"container\" data-e-type=\"container\">\n\t\t\t\t\t<div class=\"e-con-inner\">\n\t\t\t\t<div class=\"elementor-element elementor-element-71a3d34 elementor-absolute elementor-hidden-mobile elementor-widget elementor-widget-image\" data-id=\"71a3d34\" data-element_type=\"widget\" data-e-type=\"widget\" data-settings=\"{&quot;_position&quot;:&quot;absolute&quot;}\" data-widget_type=\"image.default\">\n\t\t\t\t\t\t\t\t\t\t\t\t\t\t\t<img fetchpriority=\"high\" decoding=\"async\" width=\"348\" height=\"372\" src=\"https:\/\/hotelwada.inicial.si\/wp-content\/uploads\/2025\/12\/rimski-vrelec-decor-3.svg\" class=\"attachment-full size-full wp-image-2486\" alt=\"\" \/>\t\t\t\t\t\t\t\t\t\t\t\t\t\t\t<\/div>\n\t\t<div class=\"elementor-element elementor-element-adbf748 e-con-full e-flex e-con e-child\" data-id=\"adbf748\" data-element_type=\"container\" data-e-type=\"container\">\n\t\t\t\t<div class=\"elementor-element elementor-element-a2585af elementor-widget elementor-widget-image\" data-id=\"a2585af\" data-element_type=\"widget\" data-e-type=\"widget\" data-widget_type=\"image.default\">\n\t\t\t\t\t\t\t\t\t\t\t\t\t\t\t<img decoding=\"async\" width=\"954\" height=\"1200\" src=\"https:\/\/hotelwada.inicial.si\/wp-content\/uploads\/2026\/01\/Wellness-Savna.webp\" class=\"attachment-full size-full wp-image-2487\" alt=\"\" srcset=\"https:\/\/hotelwada.inicial.si\/wp-content\/uploads\/2026\/01\/Wellness-Savna.webp 954w, https:\/\/hotelwada.inicial.si\/wp-content\/uploads\/2026\/01\/Wellness-Savna-239x300.webp 239w, https:\/\/hotelwada.inicial.si\/wp-content\/uploads\/2026\/01\/Wellness-Savna-814x1024.webp 814w, https:\/\/hotelwada.inicial.si\/wp-content\/uploads\/2026\/01\/Wellness-Savna-768x966.webp 768w\" sizes=\"(max-width: 954px) 100vw, 954px\" \/>\t\t\t\t\t\t\t\t\t\t\t\t\t\t\t<\/div>\n\t\t\t\t<\/div>\n\t\t<div class=\"elementor-element elementor-element-9910cd2 e-flex e-con-boxed e-con e-child\" data-id=\"9910cd2\" data-element_type=\"container\" data-e-type=\"container\">\n\t\t\t\t\t<div class=\"e-con-inner\">\n\t\t\t\t<div class=\"elementor-element elementor-element-638bf0b tag elementor-widget elementor-widget-heading\" data-id=\"638bf0b\" data-element_type=\"widget\" data-e-type=\"widget\" data-widget_type=\"heading.default\">\n\t\t\t\t\t<span class=\"elementor-heading-title elementor-size-default\">Zus\u00e4tzliches Angebot<\/span>\t\t\t\t<\/div>\n\t\t\t\t<div class=\"elementor-element elementor-element-800e92f elementor-widget__width-initial elementor-widget-mobile__width-inherit elementor-widget elementor-widget-heading\" data-id=\"800e92f\" data-element_type=\"widget\" data-e-type=\"widget\" data-widget_type=\"heading.default\">\n\t\t\t\t\t<h2 class=\"elementor-heading-title elementor-size-default\">Saunen<\/h2>\t\t\t\t<\/div>\n\t\t\t\t<div class=\"elementor-element elementor-element-b45040a elementor-widget__width-initial elementor-widget-mobile__width-inherit elementor-widget elementor-widget-text-editor\" data-id=\"b45040a\" data-element_type=\"widget\" data-e-type=\"widget\" data-widget_type=\"text-editor.default\">\n\t\t\t\t\t\t\t\t\t<p><span style=\"font-weight: 400;\">Die finnische Sauna, die Dampfsauna und die Infrarotsauna sorgen f\u00fcr die Erw\u00e4rmung der Gelenke, die Reinigung der Haut und ganzheitliche Entspannung vor oder nach einer aktiven Phase.<\/span><\/p><p><span style=\"font-weight: 400;\">Drei friedliche Themenzimmer zum Entspannen entf\u00fchren Sie in eine neue, noch unbekannte Welt, in der Ihre Gedanken mit der Bewunderung der subtilen Natur, der bezaubernden Zartheit und der raffinierten Frische spielen k\u00f6nnen.<\/span><\/p><p><span style=\"font-weight: 400;\">Als Kr\u00f6nung k\u00f6nnen Sie in das sprudelnde Wasser des Massagebeckens eintauchen, wo Sie Ihre Sinne mit Blick auf den Ur\u0161lja-Berg, die Kraft des nahe gelegenen Waldes und die sanften Wiesen der K\u00e4rntner Hochebenen verw\u00f6hnen k\u00f6nnen.<\/span><\/p>\t\t\t\t\t\t\t\t<\/div>\n\t\t\t\t\t<\/div>\n\t\t\t\t<\/div>\n\t\t\t\t\t<\/div>\n\t\t\t\t<\/div>\n\t\t<div class=\"elementor-element elementor-element-3010a80 s-tb-p s-lr-p e-flex e-con-boxed e-con e-parent\" data-id=\"3010a80\" data-element_type=\"container\" data-e-type=\"container\" data-settings=\"{&quot;background_background&quot;:&quot;classic&quot;}\">\n\t\t\t\t\t<div class=\"e-con-inner\">\n\t\t\t\t<div class=\"elementor-element elementor-element-b75bac8 elementor-absolute elementor-hidden-mobile elementor-widget elementor-widget-image\" data-id=\"b75bac8\" data-element_type=\"widget\" data-e-type=\"widget\" data-settings=\"{&quot;_position&quot;:&quot;absolute&quot;}\" data-widget_type=\"image.default\">\n\t\t\t\t\t\t\t\t\t\t\t\t\t\t\t<img decoding=\"async\" width=\"717\" height=\"161\" src=\"https:\/\/hotelwada.inicial.si\/wp-content\/uploads\/2025\/12\/rimski-vrelec-decor-1.svg\" class=\"attachment-full size-full wp-image-2437\" alt=\"\" \/>\t\t\t\t\t\t\t\t\t\t\t\t\t\t\t<\/div>\n\t\t<div class=\"elementor-element elementor-element-23cdaf4 e-con-full e-flex e-con e-child\" data-id=\"23cdaf4\" data-element_type=\"container\" data-e-type=\"container\">\n\t\t\t\t<div class=\"elementor-element elementor-element-e90806f tag elementor-widget elementor-widget-heading\" data-id=\"e90806f\" data-element_type=\"widget\" data-e-type=\"widget\" data-widget_type=\"heading.default\">\n\t\t\t\t\t<span class=\"elementor-heading-title elementor-size-default\">Zus\u00e4tzliches Angebot <\/span>\t\t\t\t<\/div>\n\t\t\t\t<div class=\"elementor-element elementor-element-1b4211a elementor-widget__width-initial elementor-widget-mobile__width-inherit elementor-widget elementor-widget-heading\" data-id=\"1b4211a\" data-element_type=\"widget\" data-e-type=\"widget\" data-widget_type=\"heading.default\">\n\t\t\t\t\t<h2 class=\"elementor-heading-title elementor-size-default\">Massagen<\/h2>\t\t\t\t<\/div>\n\t\t\t\t<div class=\"elementor-element elementor-element-b6eae08 elementor-widget__width-initial elementor-widget-mobile__width-inherit elementor-widget elementor-widget-text-editor\" data-id=\"b6eae08\" data-element_type=\"widget\" data-e-type=\"widget\" data-widget_type=\"text-editor.default\">\n\t\t\t\t\t\t\t\t\t<p><span style=\"font-weight: 400;\">Massage-Meisterwerke zur Entspannung, Regeneration oder einfach als Geschenk an sich selbst. Im Einklang mit der Natur nutzen wir ihre Gaben \u2013 Honig, Steine, Salz und \u00d6le \u2013, mit denen wir dem K\u00f6rper zu einer m\u00f6glichst wirksamen Entlastung verhelfen. <\/span><\/p>\t\t\t\t\t\t\t\t<\/div>\n\t\t\t\t<\/div>\n\t\t<div class=\"elementor-element elementor-element-4ba1443 e-con-full e-flex e-con e-child\" data-id=\"4ba1443\" data-element_type=\"container\" data-e-type=\"container\">\n\t\t\t\t<div class=\"elementor-element elementor-element-5a6b27e elementor-widget elementor-widget-image\" data-id=\"5a6b27e\" data-element_type=\"widget\" data-e-type=\"widget\" data-widget_type=\"image.default\">\n\t\t\t\t\t\t\t\t\t\t\t\t\t\t\t<img loading=\"lazy\" decoding=\"async\" width=\"1200\" height=\"862\" src=\"https:\/\/hotelwada.inicial.si\/wp-content\/uploads\/2026\/01\/Wellness-Masaze.webp\" class=\"attachment-full size-full wp-image-2488\" alt=\"\" srcset=\"https:\/\/hotelwada.inicial.si\/wp-content\/uploads\/2026\/01\/Wellness-Masaze.webp 1200w, https:\/\/hotelwada.inicial.si\/wp-content\/uploads\/2026\/01\/Wellness-Masaze-300x216.webp 300w, https:\/\/hotelwada.inicial.si\/wp-content\/uploads\/2026\/01\/Wellness-Masaze-1024x736.webp 1024w, https:\/\/hotelwada.inicial.si\/wp-content\/uploads\/2026\/01\/Wellness-Masaze-768x552.webp 768w\" sizes=\"(max-width: 1200px) 100vw, 1200px\" \/>\t\t\t\t\t\t\t\t\t\t\t\t\t\t\t<\/div>\n\t\t\t\t<\/div>\n\t\t\t\t\t<\/div>\n\t\t\t\t<\/div>\n\t\t<div class=\"elementor-element elementor-element-b58c177 s-tb-p s-lr-p e-flex e-con-boxed e-con e-parent\" data-id=\"b58c177\" data-element_type=\"container\" data-e-type=\"container\">\n\t\t\t\t\t<div class=\"e-con-inner\">\n\t\t\t\t<div class=\"elementor-element elementor-element-bfa8896 elementor-absolute elementor-hidden-mobile elementor-widget elementor-widget-image\" data-id=\"bfa8896\" data-element_type=\"widget\" data-e-type=\"widget\" data-settings=\"{&quot;_position&quot;:&quot;absolute&quot;}\" data-widget_type=\"image.default\">\n\t\t\t\t\t\t\t\t\t\t\t\t\t\t\t<img fetchpriority=\"high\" decoding=\"async\" width=\"348\" height=\"372\" src=\"https:\/\/hotelwada.inicial.si\/wp-content\/uploads\/2025\/12\/rimski-vrelec-decor-3.svg\" class=\"attachment-full size-full wp-image-2486\" alt=\"\" \/>\t\t\t\t\t\t\t\t\t\t\t\t\t\t\t<\/div>\n\t\t<div class=\"elementor-element elementor-element-a0ecf35 e-con-full e-flex e-con e-child\" data-id=\"a0ecf35\" data-element_type=\"container\" data-e-type=\"container\">\n\t\t\t\t<div class=\"elementor-element elementor-element-c72493b elementor-widget elementor-widget-image\" data-id=\"c72493b\" data-element_type=\"widget\" data-e-type=\"widget\" data-widget_type=\"image.default\">\n\t\t\t\t\t\t\t\t\t\t\t\t\t\t\t<img loading=\"lazy\" decoding=\"async\" width=\"923\" height=\"1200\" src=\"https:\/\/hotelwada.inicial.si\/wp-content\/uploads\/2026\/01\/Wellness-Dry-Floating.webp\" class=\"attachment-full size-full wp-image-2489\" alt=\"\" srcset=\"https:\/\/hotelwada.inicial.si\/wp-content\/uploads\/2026\/01\/Wellness-Dry-Floating.webp 923w, https:\/\/hotelwada.inicial.si\/wp-content\/uploads\/2026\/01\/Wellness-Dry-Floating-231x300.webp 231w, https:\/\/hotelwada.inicial.si\/wp-content\/uploads\/2026\/01\/Wellness-Dry-Floating-788x1024.webp 788w, https:\/\/hotelwada.inicial.si\/wp-content\/uploads\/2026\/01\/Wellness-Dry-Floating-768x998.webp 768w\" sizes=\"(max-width: 923px) 100vw, 923px\" \/>\t\t\t\t\t\t\t\t\t\t\t\t\t\t\t<\/div>\n\t\t\t\t<\/div>\n\t\t<div class=\"elementor-element elementor-element-ec63431 e-flex e-con-boxed e-con e-child\" data-id=\"ec63431\" data-element_type=\"container\" data-e-type=\"container\">\n\t\t\t\t\t<div class=\"e-con-inner\">\n\t\t\t\t<div class=\"elementor-element elementor-element-7d4f14a tag elementor-widget elementor-widget-heading\" data-id=\"7d4f14a\" data-element_type=\"widget\" data-e-type=\"widget\" data-widget_type=\"heading.default\">\n\t\t\t\t\t<span class=\"elementor-heading-title elementor-size-default\">Zus\u00e4tzliches Angebot<\/span>\t\t\t\t<\/div>\n\t\t\t\t<div class=\"elementor-element elementor-element-dbd6f09 elementor-widget__width-initial elementor-widget-mobile__width-inherit elementor-widget elementor-widget-heading\" data-id=\"dbd6f09\" data-element_type=\"widget\" data-e-type=\"widget\" data-widget_type=\"heading.default\">\n\t\t\t\t\t<h2 class=\"elementor-heading-title elementor-size-default\">Trockenes Schwimmen <\/h2>\t\t\t\t<\/div>\n\t\t\t\t<div class=\"elementor-element elementor-element-6d26c79 elementor-widget__width-initial elementor-widget-mobile__width-inherit elementor-widget elementor-widget-text-editor\" data-id=\"6d26c79\" data-element_type=\"widget\" data-e-type=\"widget\" data-widget_type=\"text-editor.default\">\n\t\t\t\t\t\t\t\t\t<p>Dry Floating ist ein erstklassiges Wellness-Ritual, das f\u00fcr tiefe Entspannung und ganzheitliche Regeneration von K\u00f6rper und Geist entwickelt wurde. Das Gef\u00fchl der Schwerelosigkeit, die angenehme W\u00e4rme und die v\u00f6llige Stille wirken ausgesprochen stressmindernd, bauen Spannungen ab und stellen das innere Gleichgewicht wieder her.<\/p><p><span style=\"font-weight: 400;\">Es handelt sich um ein raffiniertes Premium-Wellness-Erlebnis f\u00fcr alle, die sich einen bewussten R\u00fcckzug, neue Energie und luxuri\u00f6se Zeit f\u00fcr sich selbst w\u00fcnschen. <\/span><\/p>\t\t\t\t\t\t\t\t<\/div>\n\t\t\t\t\t<\/div>\n\t\t\t\t<\/div>\n\t\t\t\t\t<\/div>\n\t\t\t\t<\/div>\n\t\t\t\t<\/div>\n\t\t","protected":false},"excerpt":{"rendered":"<p>Was wir anbieten Nehmen Sie sich einen Moment Zeit, um Ihren K\u00f6rper zu regenerieren Die Zeit bekommt eine andere Bedeutung, wenn Sie sich einen Moment Zeit nehmen, um Ihren K\u00f6rper zu regenerieren, was Sie bisher immer aufgeschoben haben. Das Verw\u00f6hnprogramm in unseren Saunen verleiht Ihrer Haut neuen Glanz, entspannt Ihre Muskeln und h\u00fcllt Sie in [&hellip;]<\/p>\n","protected":false},"author":3,"featured_media":0,"parent":0,"menu_order":3,"comment_status":"closed","ping_status":"closed","template":"","meta":{"footnotes":""},"class_list":["post-2490","page","type-page","status-publish","hentry"],"yoast_head":"<!-- This site is optimized with the Yoast SEO plugin v26.8 - https:\/\/yoast.com\/product\/yoast-seo-wordpress\/ -->\n<title>Wellness - Geist und K\u00f6rper verj\u00fcngen - Rimski Vrelec<\/title>\n<meta name=\"description\" content=\"Tauchen Sie ein in pure Entspannung. Erleben Sie Wellness-Rituale, thermischen Komfort und die regenerierende Kraft unserer alpinen Spa-Oase.\" \/>\n<meta name=\"robots\" content=\"index, follow, max-snippet:-1, max-image-preview:large, max-video-preview:-1\" \/>\n<link rel=\"canonical\" href=\"https:\/\/hotelwada.inicial.si\/de\/wellness\/\" \/>\n<meta property=\"og:locale\" content=\"de_DE\" \/>\n<meta property=\"og:type\" content=\"article\" \/>\n<meta property=\"og:title\" content=\"Wellness - Geist und K\u00f6rper verj\u00fcngen - Rimski Vrelec\" \/>\n<meta property=\"og:description\" content=\"Tauchen Sie ein in pure Entspannung. Erleben Sie Wellness-Rituale, thermischen Komfort und die regenerierende Kraft unserer alpinen Spa-Oase.\" \/>\n<meta property=\"og:url\" content=\"https:\/\/hotelwada.inicial.si\/de\/wellness\/\" \/>\n<meta property=\"og:site_name\" content=\"Rimski Vrelec\" \/>\n<meta property=\"article:publisher\" content=\"https:\/\/www.facebook.com\/Rimskivrelec\/\" \/>\n<meta property=\"article:modified_time\" content=\"2026-02-03T10:13:02+00:00\" \/>\n<meta property=\"og:image\" content=\"https:\/\/hotelwada.inicial.si\/wp-content\/uploads\/2025\/12\/rimski-vrelec-decor-3.svg\" \/>\n<meta name=\"twitter:card\" content=\"summary_large_image\" \/>\n<meta name=\"twitter:label1\" content=\"Gesch\u00e4tzte Lesezeit\" \/>\n\t<meta name=\"twitter:data1\" content=\"3\u00a0Minuten\" \/>\n<script type=\"application\/ld+json\" class=\"yoast-schema-graph\">{\"@context\":\"https:\/\/schema.org\",\"@graph\":[{\"@type\":\"WebPage\",\"@id\":\"https:\/\/hotelwada.inicial.si\/de\/wellness\/\",\"url\":\"https:\/\/hotelwada.inicial.si\/de\/wellness\/\",\"name\":\"Wellness - Geist und K\u00f6rper verj\u00fcngen - Rimski Vrelec\",\"isPartOf\":{\"@id\":\"https:\/\/hotelwada.inicial.si\/de\/#website\"},\"primaryImageOfPage\":{\"@id\":\"https:\/\/hotelwada.inicial.si\/de\/wellness\/#primaryimage\"},\"image\":{\"@id\":\"https:\/\/hotelwada.inicial.si\/de\/wellness\/#primaryimage\"},\"thumbnailUrl\":\"https:\/\/hotelwada.inicial.si\/wp-content\/uploads\/2025\/12\/rimski-vrelec-decor-3.svg\",\"datePublished\":\"2025-11-25T19:28:41+00:00\",\"dateModified\":\"2026-02-03T10:13:02+00:00\",\"description\":\"Tauchen Sie ein in pure Entspannung. Erleben Sie Wellness-Rituale, thermischen Komfort und die regenerierende Kraft unserer alpinen Spa-Oase.\",\"breadcrumb\":{\"@id\":\"https:\/\/hotelwada.inicial.si\/de\/wellness\/#breadcrumb\"},\"inLanguage\":\"de\",\"potentialAction\":[{\"@type\":\"ReadAction\",\"target\":[\"https:\/\/hotelwada.inicial.si\/de\/wellness\/\"]}]},{\"@type\":\"ImageObject\",\"inLanguage\":\"de\",\"@id\":\"https:\/\/hotelwada.inicial.si\/de\/wellness\/#primaryimage\",\"url\":\"https:\/\/hotelwada.inicial.si\/wp-content\/uploads\/2025\/12\/rimski-vrelec-decor-3.svg\",\"contentUrl\":\"https:\/\/hotelwada.inicial.si\/wp-content\/uploads\/2025\/12\/rimski-vrelec-decor-3.svg\"},{\"@type\":\"BreadcrumbList\",\"@id\":\"https:\/\/hotelwada.inicial.si\/de\/wellness\/#breadcrumb\",\"itemListElement\":[{\"@type\":\"ListItem\",\"position\":1,\"name\":\"Startseite\",\"item\":\"https:\/\/hotelwada.inicial.si\/de\/\"},{\"@type\":\"ListItem\",\"position\":2,\"name\":\"Wellness\"}]},{\"@type\":\"WebSite\",\"@id\":\"https:\/\/hotelwada.inicial.si\/de\/#website\",\"url\":\"https:\/\/hotelwada.inicial.si\/de\/\",\"name\":\"Rimski Vrelec\",\"description\":\"Dobrodo\u0161li v Rimski Vrelec\",\"publisher\":{\"@id\":\"https:\/\/hotelwada.inicial.si\/de\/#organization\"},\"alternateName\":\"Rimski vrelec\",\"potentialAction\":[{\"@type\":\"SearchAction\",\"target\":{\"@type\":\"EntryPoint\",\"urlTemplate\":\"https:\/\/hotelwada.inicial.si\/de\/?s={search_term_string}\"},\"query-input\":{\"@type\":\"PropertyValueSpecification\",\"valueRequired\":true,\"valueName\":\"search_term_string\"}}],\"inLanguage\":\"de\"},{\"@type\":\"Organization\",\"@id\":\"https:\/\/hotelwada.inicial.si\/de\/#organization\",\"name\":\"Rimski Vrelec\",\"url\":\"https:\/\/hotelwada.inicial.si\/de\/\",\"logo\":{\"@type\":\"ImageObject\",\"inLanguage\":\"de\",\"@id\":\"https:\/\/hotelwada.inicial.si\/de\/#\/schema\/logo\/image\/\",\"url\":\"https:\/\/hotelwada.inicial.si\/wp-content\/uploads\/2025\/12\/Rimski-vrelec-logo-empty.svg\",\"contentUrl\":\"https:\/\/hotelwada.inicial.si\/wp-content\/uploads\/2025\/12\/Rimski-vrelec-logo-empty.svg\",\"width\":242,\"height\":64,\"caption\":\"Rimski Vrelec\"},\"image\":{\"@id\":\"https:\/\/hotelwada.inicial.si\/de\/#\/schema\/logo\/image\/\"},\"sameAs\":[\"https:\/\/www.facebook.com\/Rimskivrelec\/\"]}]}<\/script>\n<!-- \/ Yoast SEO plugin. -->","yoast_head_json":{"title":"Wellness - Geist und K\u00f6rper verj\u00fcngen - Rimski Vrelec","description":"Tauchen Sie ein in pure Entspannung. Erleben Sie Wellness-Rituale, thermischen Komfort und die regenerierende Kraft unserer alpinen Spa-Oase.","robots":{"index":"index","follow":"follow","max-snippet":"max-snippet:-1","max-image-preview":"max-image-preview:large","max-video-preview":"max-video-preview:-1"},"canonical":"https:\/\/hotelwada.inicial.si\/de\/wellness\/","og_locale":"de_DE","og_type":"article","og_title":"Wellness - Geist und K\u00f6rper verj\u00fcngen - Rimski Vrelec","og_description":"Tauchen Sie ein in pure Entspannung. Erleben Sie Wellness-Rituale, thermischen Komfort und die regenerierende Kraft unserer alpinen Spa-Oase.","og_url":"https:\/\/hotelwada.inicial.si\/de\/wellness\/","og_site_name":"Rimski Vrelec","article_publisher":"https:\/\/www.facebook.com\/Rimskivrelec\/","article_modified_time":"2026-02-03T10:13:02+00:00","og_image":[{"url":"https:\/\/hotelwada.inicial.si\/wp-content\/uploads\/2025\/12\/rimski-vrelec-decor-3.svg","type":"","width":"","height":""}],"twitter_card":"summary_large_image","twitter_misc":{"Gesch\u00e4tzte Lesezeit":"3\u00a0Minuten"},"schema":{"@context":"https:\/\/schema.org","@graph":[{"@type":"WebPage","@id":"https:\/\/hotelwada.inicial.si\/de\/wellness\/","url":"https:\/\/hotelwada.inicial.si\/de\/wellness\/","name":"Wellness - Geist und K\u00f6rper verj\u00fcngen - Rimski Vrelec","isPartOf":{"@id":"https:\/\/hotelwada.inicial.si\/de\/#website"},"primaryImageOfPage":{"@id":"https:\/\/hotelwada.inicial.si\/de\/wellness\/#primaryimage"},"image":{"@id":"https:\/\/hotelwada.inicial.si\/de\/wellness\/#primaryimage"},"thumbnailUrl":"https:\/\/hotelwada.inicial.si\/wp-content\/uploads\/2025\/12\/rimski-vrelec-decor-3.svg","datePublished":"2025-11-25T19:28:41+00:00","dateModified":"2026-02-03T10:13:02+00:00","description":"Tauchen Sie ein in pure Entspannung. Erleben Sie Wellness-Rituale, thermischen Komfort und die regenerierende Kraft unserer alpinen Spa-Oase.","breadcrumb":{"@id":"https:\/\/hotelwada.inicial.si\/de\/wellness\/#breadcrumb"},"inLanguage":"de","potentialAction":[{"@type":"ReadAction","target":["https:\/\/hotelwada.inicial.si\/de\/wellness\/"]}]},{"@type":"ImageObject","inLanguage":"de","@id":"https:\/\/hotelwada.inicial.si\/de\/wellness\/#primaryimage","url":"https:\/\/hotelwada.inicial.si\/wp-content\/uploads\/2025\/12\/rimski-vrelec-decor-3.svg","contentUrl":"https:\/\/hotelwada.inicial.si\/wp-content\/uploads\/2025\/12\/rimski-vrelec-decor-3.svg"},{"@type":"BreadcrumbList","@id":"https:\/\/hotelwada.inicial.si\/de\/wellness\/#breadcrumb","itemListElement":[{"@type":"ListItem","position":1,"name":"Startseite","item":"https:\/\/hotelwada.inicial.si\/de\/"},{"@type":"ListItem","position":2,"name":"Wellness"}]},{"@type":"WebSite","@id":"https:\/\/hotelwada.inicial.si\/de\/#website","url":"https:\/\/hotelwada.inicial.si\/de\/","name":"Rimski Vrelec","description":"Dobrodo\u0161li v Rimski Vrelec","publisher":{"@id":"https:\/\/hotelwada.inicial.si\/de\/#organization"},"alternateName":"Rimski vrelec","potentialAction":[{"@type":"SearchAction","target":{"@type":"EntryPoint","urlTemplate":"https:\/\/hotelwada.inicial.si\/de\/?s={search_term_string}"},"query-input":{"@type":"PropertyValueSpecification","valueRequired":true,"valueName":"search_term_string"}}],"inLanguage":"de"},{"@type":"Organization","@id":"https:\/\/hotelwada.inicial.si\/de\/#organization","name":"Rimski Vrelec","url":"https:\/\/hotelwada.inicial.si\/de\/","logo":{"@type":"ImageObject","inLanguage":"de","@id":"https:\/\/hotelwada.inicial.si\/de\/#\/schema\/logo\/image\/","url":"https:\/\/hotelwada.inicial.si\/wp-content\/uploads\/2025\/12\/Rimski-vrelec-logo-empty.svg","contentUrl":"https:\/\/hotelwada.inicial.si\/wp-content\/uploads\/2025\/12\/Rimski-vrelec-logo-empty.svg","width":242,"height":64,"caption":"Rimski Vrelec"},"image":{"@id":"https:\/\/hotelwada.inicial.si\/de\/#\/schema\/logo\/image\/"},"sameAs":["https:\/\/www.facebook.com\/Rimskivrelec\/"]}]}},"_links":{"self":[{"href":"https:\/\/hotelwada.inicial.si\/de\/wp-json\/wp\/v2\/pages\/2490","targetHints":{"allow":["GET"]}}],"collection":[{"href":"https:\/\/hotelwada.inicial.si\/de\/wp-json\/wp\/v2\/pages"}],"about":[{"href":"https:\/\/hotelwada.inicial.si\/de\/wp-json\/wp\/v2\/types\/page"}],"author":[{"embeddable":true,"href":"https:\/\/hotelwada.inicial.si\/de\/wp-json\/wp\/v2\/users\/3"}],"replies":[{"embeddable":true,"href":"https:\/\/hotelwada.inicial.si\/de\/wp-json\/wp\/v2\/comments?post=2490"}],"version-history":[{"count":2,"href":"https:\/\/hotelwada.inicial.si\/de\/wp-json\/wp\/v2\/pages\/2490\/revisions"}],"predecessor-version":[{"id":2769,"href":"https:\/\/hotelwada.inicial.si\/de\/wp-json\/wp\/v2\/pages\/2490\/revisions\/2769"}],"wp:attachment":[{"href":"https:\/\/hotelwada.inicial.si\/de\/wp-json\/wp\/v2\/media?parent=2490"}],"curies":[{"name":"wp","href":"https:\/\/api.w.org\/{rel}","templated":true}]}}