{"id":2496,"date":"2025-11-25T20:28:52","date_gmt":"2025-11-25T19:28:52","guid":{"rendered":"https:\/\/hotelwada.inicial.si\/geschenkgutscheine\/"},"modified":"2026-02-11T12:35:27","modified_gmt":"2026-02-11T11:35:27","slug":"geschenkgutscheine","status":"publish","type":"page","link":"https:\/\/hotelwada.inicial.si\/de\/geschenkgutscheine\/","title":{"rendered":"Geschenkgutscheine"},"content":{"rendered":"\t\t<div data-elementor-type=\"wp-page\" data-elementor-id=\"2496\" class=\"elementor elementor-2496 elementor-21\" data-elementor-post-type=\"page\">\n\t\t\t\t<div class=\"elementor-element elementor-element-82d5efa e-flex e-con-boxed e-con e-parent\" data-id=\"82d5efa\" data-element_type=\"container\" data-e-type=\"container\" data-settings=\"{&quot;background_background&quot;:&quot;classic&quot;}\">\n\t\t\t\t\t<div class=\"e-con-inner\">\n\t\t\t\t<div class=\"elementor-element elementor-element-931eddf elementor-widget elementor-widget-breadcrumbs\" data-id=\"931eddf\" data-element_type=\"widget\" data-e-type=\"widget\" data-widget_type=\"breadcrumbs.default\">\n\t\t\t\t\t<p id=\"breadcrumbs\"><span><span><a href=\"https:\/\/hotelwada.inicial.si\/de\/\">Startseite<\/a><\/span><\/span><\/p>\t\t\t\t<\/div>\n\t\t\t\t<div class=\"elementor-element elementor-element-77922a5 elementor-widget elementor-widget-heading\" data-id=\"77922a5\" data-element_type=\"widget\" data-e-type=\"widget\" data-widget_type=\"heading.default\">\n\t\t\t\t\t<h1 class=\"elementor-heading-title elementor-size-default\">Geschenkgutscheine<\/h1>\t\t\t\t<\/div>\n\t\t\t\t\t<\/div>\n\t\t\t\t<\/div>\n\t\t<div class=\"elementor-element elementor-element-7b89200 e-grid s-tb-p s-lr-p e-con-boxed e-con e-parent\" data-id=\"7b89200\" data-element_type=\"container\" data-e-type=\"container\" data-settings=\"{&quot;background_background&quot;:&quot;classic&quot;}\">\n\t\t\t\t\t<div class=\"e-con-inner\">\n\t\t<div class=\"elementor-element elementor-element-0029a63 e-con-full e-flex e-con e-child\" data-id=\"0029a63\" data-element_type=\"container\" data-e-type=\"container\">\n\t\t\t\t<div class=\"elementor-element elementor-element-a6d935b tag elementor-widget elementor-widget-heading\" data-id=\"a6d935b\" data-element_type=\"widget\" data-e-type=\"widget\" data-widget_type=\"heading.default\">\n\t\t\t\t\t<span class=\"elementor-heading-title elementor-size-default\">Geschenkgutscheine<\/span>\t\t\t\t<\/div>\n\t\t\t\t<div class=\"elementor-element elementor-element-98debc7 elementor-widget elementor-widget-heading\" data-id=\"98debc7\" data-element_type=\"widget\" data-e-type=\"widget\" data-widget_type=\"heading.default\">\n\t\t\t\t\t<h2 class=\"elementor-heading-title elementor-size-default\">Verschenken Sie einen originellen Urlaub von h\u00f6chster Qualit\u00e4t<\/h2>\t\t\t\t<\/div>\n\t\t\t\t<\/div>\n\t\t<div class=\"elementor-element elementor-element-8fe0911 e-con-full e-flex e-con e-child\" data-id=\"8fe0911\" data-element_type=\"container\" data-e-type=\"container\">\n\t\t\t\t<div class=\"elementor-element elementor-element-3e84c85 elementor-widget elementor-widget-heading\" data-id=\"3e84c85\" data-element_type=\"widget\" data-e-type=\"widget\" data-widget_type=\"heading.default\">\n\t\t\t\t\t<h3 class=\"elementor-heading-title elementor-size-default\">Schreiben Sie uns<\/h3>\t\t\t\t<\/div>\n\t\t\t\t<div class=\"elementor-element elementor-element-34d95b0 elementor-button-align-start elementor-widget elementor-widget-form\" data-id=\"34d95b0\" data-element_type=\"widget\" data-e-type=\"widget\" data-settings=\"{&quot;step_next_label&quot;:&quot;Weiter&quot;,&quot;step_previous_label&quot;:&quot;Previous&quot;,&quot;button_width&quot;:&quot;100&quot;,&quot;step_type&quot;:&quot;number_text&quot;,&quot;step_icon_shape&quot;:&quot;circle&quot;}\" data-widget_type=\"form.default\">\n\t\t\t\t\t\t\t<form class=\"elementor-form\" method=\"post\" name=\"New Form\" aria-label=\"New Form\">\n\t\t\t<input type=\"hidden\" name=\"post_id\" value=\"2496\"\/>\n\t\t\t<input type=\"hidden\" name=\"form_id\" value=\"34d95b0\"\/>\n\t\t\t<input type=\"hidden\" name=\"referer_title\" value=\"Geschenkgutscheine%%- \u00dcberraschen Sie Ihre Lieben - Rimski Vrelec%\" \/>\n\n\t\t\t\t\t\t\t<input type=\"hidden\" name=\"queried_id\" value=\"2496\"\/>\n\t\t\t\n\t\t\t<div class=\"elementor-form-fields-wrapper elementor-labels-above\">\n\t\t\t\t\t\t\t\t<div class=\"elementor-field-type-text elementor-field-group elementor-column elementor-field-group-ime elementor-col-50 elementor-field-required\">\n\t\t\t\t\t\t\t\t\t\t\t\t\t<input size=\"1\" type=\"text\" name=\"form_fields[ime]\" id=\"form-field-ime\" class=\"elementor-field elementor-size-sm  elementor-field-textual\" placeholder=\"Vorname und Nachname\" required=\"required\">\n\t\t\t\t\t\t\t\t\t\t\t<\/div>\n\t\t\t\t\t\t\t\t<div class=\"elementor-field-type-email elementor-field-group elementor-column elementor-field-group-email elementor-col-50 elementor-field-required\">\n\t\t\t\t\t\t\t\t\t\t\t\t\t<input size=\"1\" type=\"email\" name=\"form_fields[email]\" id=\"form-field-email\" class=\"elementor-field elementor-size-sm  elementor-field-textual\" placeholder=\"Email\" required=\"required\">\n\t\t\t\t\t\t\t\t\t\t\t<\/div>\n\t\t\t\t\t\t\t\t<div class=\"elementor-field-type-tel elementor-field-group elementor-column elementor-field-group-tel_st elementor-col-100\">\n\t\t\t\t\t\t\t<input size=\"1\" type=\"tel\" name=\"form_fields[tel_st]\" id=\"form-field-tel_st\" class=\"elementor-field elementor-size-sm  elementor-field-textual\" placeholder=\"Telefonnummer\" pattern=\"[0-9()#&amp;+*-=.]+\" title=\"Nur Nummern oder Telefon-Zeichen (#, -, *, etc) werden akzeptiert.\">\n\n\t\t\t\t\t\t<\/div>\n\t\t\t\t\t\t\t\t<div class=\"elementor-field-type-select elementor-field-group elementor-column elementor-field-group-vsota elementor-col-100 elementor-field-required\">\n\t\t\t\t\t\t\t\t\t\t\t\t<label for=\"form-field-vsota\" class=\"elementor-field-label\">\n\t\t\t\t\t\t\t\tGesamtbetrag des Gutscheins\t\t\t\t\t\t\t<\/label>\n\t\t\t\t\t\t\t\t<div class=\"elementor-field elementor-select-wrapper remove-before \">\n\t\t\t<div class=\"select-caret-down-wrapper\">\n\t\t\t\t<svg aria-hidden=\"true\" class=\"e-font-icon-svg e-eicon-caret-down\" viewBox=\"0 0 571.4 571.4\" xmlns=\"http:\/\/www.w3.org\/2000\/svg\"><path d=\"M571 393Q571 407 561 418L311 668Q300 679 286 679T261 668L11 418Q0 407 0 393T11 368 36 357H536Q550 357 561 368T571 393Z\"><\/path><\/svg>\t\t\t<\/div>\n\t\t\t<select name=\"form_fields[vsota]\" id=\"form-field-vsota\" class=\"elementor-field-textual elementor-size-sm\" required=\"required\">\n\t\t\t\t\t\t\t\t\t<option value=\"240 \u20ac\">240 \u20ac<\/option>\n\t\t\t\t\t\t\t\t\t<option value=\"490 \u20ac\">490 \u20ac<\/option>\n\t\t\t\t\t\t\t\t\t<option value=\"690 \u20ac\">690 \u20ac<\/option>\n\t\t\t\t\t\t\t\t\t<option value=\"960 \u20ac\">960 \u20ac<\/option>\n\t\t\t\t\t\t\t\t\t<option value=\" Optional\">Beliebig <\/option>\n\t\t\t\t\t\t\t<\/select>\n\t\t<\/div>\n\t\t\t\t\t\t<\/div>\n\t\t\t\t\t\t\t\t<div class=\"elementor-field-type-number elementor-field-group elementor-column elementor-field-group-eur elementor-col-100\">\n\t\t\t\t\t\t\t\t\t\t\t\t<label for=\"form-field-eur\" class=\"elementor-field-label\">\n\t\t\t\t\t\t\t\tGew\u00fcnschter Gutscheinbetrag\t\t\t\t\t\t\t<\/label>\n\t\t\t\t\t\t\t\t\t<input type=\"number\" name=\"form_fields[eur]\" id=\"form-field-eur\" class=\"elementor-field elementor-size-sm  elementor-field-textual\" placeholder=\"EUR\" min=\"1\" max=\"9999\" >\n\t\t\t\t\t\t<\/div>\n\t\t\t\t\t\t\t\t<div class=\"elementor-field-type-select elementor-field-group elementor-column elementor-field-group-dostava elementor-col-100 elementor-field-required\">\n\t\t\t\t\t\t\t\t\t\t\t\t<label for=\"form-field-dostava\" class=\"elementor-field-label\">\n\t\t\t\t\t\t\t\tLieferung des Gutscheins per Post\t\t\t\t\t\t\t<\/label>\n\t\t\t\t\t\t\t\t<div class=\"elementor-field elementor-select-wrapper remove-before \">\n\t\t\t<div class=\"select-caret-down-wrapper\">\n\t\t\t\t<svg aria-hidden=\"true\" class=\"e-font-icon-svg e-eicon-caret-down\" viewBox=\"0 0 571.4 571.4\" xmlns=\"http:\/\/www.w3.org\/2000\/svg\"><path d=\"M571 393Q571 407 561 418L311 668Q300 679 286 679T261 668L11 418Q0 407 0 393T11 368 36 357H536Q550 357 561 368T571 393Z\"><\/path><\/svg>\t\t\t<\/div>\n\t\t\t<select name=\"form_fields[dostava]\" id=\"form-field-dostava\" class=\"elementor-field-textual elementor-size-sm\" required=\"required\">\n\t\t\t\t\t\t\t\t\t<option value=\" No\">Nein<\/option>\n\t\t\t\t\t\t\t\t\t<option value=\"Yes\">Ja <\/option>\n\t\t\t\t\t\t\t<\/select>\n\t\t<\/div>\n\t\t\t\t\t\t<\/div>\n\t\t\t\t\t\t\t\t<div class=\"elementor-field-type-text elementor-field-group elementor-column elementor-field-group-postaime elementor-col-100\">\n\t\t\t\t\t\t\t\t\t\t\t\t<label for=\"form-field-postaime\" class=\"elementor-field-label\">\n\t\t\t\t\t\t\t\tName f\u00fcr die Lieferung\t\t\t\t\t\t\t<\/label>\n\t\t\t\t\t\t\t\t\t\t\t\t\t\t<input size=\"1\" type=\"text\" name=\"form_fields[postaime]\" id=\"form-field-postaime\" class=\"elementor-field elementor-size-sm  elementor-field-textual\">\n\t\t\t\t\t\t\t\t\t\t\t<\/div>\n\t\t\t\t\t\t\t\t<div class=\"elementor-field-type-text elementor-field-group elementor-column elementor-field-group-naslov elementor-col-100\">\n\t\t\t\t\t\t\t\t\t\t\t\t<label for=\"form-field-naslov\" class=\"elementor-field-label\">\n\t\t\t\t\t\t\t\tLieferadresse\t\t\t\t\t\t\t<\/label>\n\t\t\t\t\t\t\t\t\t\t\t\t\t\t<input size=\"1\" type=\"text\" name=\"form_fields[naslov]\" id=\"form-field-naslov\" class=\"elementor-field elementor-size-sm  elementor-field-textual\">\n\t\t\t\t\t\t\t\t\t\t\t<\/div>\n\t\t\t\t\t\t\t\t<div class=\"elementor-field-type-textarea elementor-field-group elementor-column elementor-field-group-message elementor-col-100\">\n\t\t\t\t\t<textarea class=\"elementor-field-textual elementor-field  elementor-size-sm\" name=\"form_fields[message]\" id=\"form-field-message\" rows=\"4\" placeholder=\"Ihre Nachricht\"><\/textarea>\t\t\t\t<\/div>\n\t\t\t\t\t\t\t\t<div class=\"elementor-field-type-acceptance elementor-field-group elementor-column elementor-field-group-field_26518f8 elementor-col-100 elementor-field-required\">\n\t\t\t\t\t\t\t<div class=\"elementor-field-subgroup\">\n\t\t\t<span class=\"elementor-field-option\">\n\t\t\t\t<input type=\"checkbox\" name=\"form_fields[field_26518f8]\" id=\"form-field-field_26518f8\" class=\"elementor-field elementor-size-sm  elementor-acceptance-field\" required=\"required\">\n\t\t\t\t<label for=\"form-field-field_26518f8\">Durch Aktivieren dieses Feldes erkl\u00e4ren Sie sich mit der <a href=\"https:\/\/hotelwada.inicial.si\/de\/datenschutzerklaerung\/\">Datenschutzerkl\u00e4rung einverstanden<\/a>.<\/label>\t\t\t<\/span>\n\t\t<\/div>\n\t\t\t\t\t\t<\/div>\n\t\t\t\t\t\t\t\t<div class=\"elementor-field-group elementor-column elementor-field-type-submit elementor-col-100 e-form__buttons\">\n\t\t\t\t\t<button class=\"elementor-button elementor-size-sm\" type=\"submit\">\n\t\t\t\t\t\t<span class=\"elementor-button-content-wrapper\">\n\t\t\t\t\t\t\t\t\t\t\t\t\t\t\t<span class=\"elementor-button-icon\">\n\t\t\t\t\t\t\t\t\t<svg xmlns=\"http:\/\/www.w3.org\/2000\/svg\" width=\"39\" height=\"39\" viewBox=\"0 0 39 39\" fill=\"none\"><path d=\"M19.25 35.5C28.2246 35.5 35.5 28.2246 35.5 19.25C35.5 10.2754 28.2246 3 19.25 3C10.2754 3 3 10.2754 3 19.25C3 28.2246 10.2754 35.5 19.25 35.5Z\" fill=\"#DB8749\" stroke=\"#DB8749\" stroke-width=\"1.5\" stroke-linecap=\"round\" stroke-linejoin=\"round\"><\/path><path d=\"M19.25 25.6663L25.6667 19.2497L19.25 12.833\" stroke=\"white\" stroke-linecap=\"round\" stroke-linejoin=\"round\"><\/path><path d=\"M12.833 19.25H25.6663\" stroke=\"white\" stroke-linecap=\"round\" stroke-linejoin=\"round\"><\/path><\/svg>\t\t\t\t\t\t\t\t\t\t\t\t\t\t\t\t\t<\/span>\n\t\t\t\t\t\t\t\t\t\t\t\t\t\t\t\t\t\t\t\t\t\t<span class=\"elementor-button-text\">Senden<\/span>\n\t\t\t\t\t\t\t\t\t\t\t\t\t<\/span>\n\t\t\t\t\t<\/button>\n\t\t\t\t<\/div>\n\t\t\t<\/div>\n\t\t<\/form>\n\t\t\t\t\t\t<\/div>\n\t\t\t\t<div class=\"elementor-element elementor-element-1338ef8 elementor-widget elementor-widget-html\" data-id=\"1338ef8\" data-element_type=\"widget\" data-e-type=\"widget\" data-widget_type=\"html.default\">\n\t\t\t\t\t<script>\n(function () {\n\n    function getGroupByInputName(name) {\n        const input = document.querySelector(`[name=\"form_fields[${name}]\"]`);\n        return input ? input.closest('.elementor-field-group') : null;\n    }\n\n    function init() {\n        const vsota = document.querySelector('[name=\"form_fields[vsota]\"]');\n        const dostava = document.querySelector('[name=\"form_fields[dostava]\"]');\n\n        const eurGroup = getGroupByInputName('eur');\n        const postaimeGroup = getGroupByInputName('postaime');\n        const naslovGroup = getGroupByInputName('naslov');\n\n        if (!vsota || !dostava || !eurGroup || !postaimeGroup || !naslovGroup) {\n            return false;\n        }\n\n        function toggleEur() {\n            eurGroup.style.display =\n                vsota.value.trim() === 'Optional' ? 'block' : 'none';\n        }\n\n        function toggleDostava() {\n            const show = dostava.value === 'Yes';\n            postaimeGroup.style.display = show ? 'block' : 'none';\n            naslovGroup.style.display = show ? 'block' : 'none';\n        }\n\n        vsota.addEventListener('change', toggleEur);\n        dostava.addEventListener('change', toggleDostava);\n\n        toggleEur();\n        toggleDostava();\n\n        return true;\n    }\n\n    const observer = new MutationObserver(() => {\n        if (init()) observer.disconnect();\n    });\n\n    observer.observe(document.body, { childList: true, subtree: true });\n\n})();\n<\/script>\n\n\n\n\n<style>\n.eur-hidden {\n    display: none !important;\n}\n.dostava-hidden {\n    display: none !important;\n}\n<\/style>\n\t\t\t\t<\/div>\n\t\t\t\t<\/div>\n\t\t\t\t\t<\/div>\n\t\t\t\t<\/div>\n\t\t\t\t<\/div>\n\t\t","protected":false},"excerpt":{"rendered":"<p>Geschenkgutscheine Verschenken Sie einen originellen Urlaub von h\u00f6chster Qualit\u00e4t Schreiben Sie uns<\/p>\n","protected":false},"author":3,"featured_media":0,"parent":0,"menu_order":4,"comment_status":"closed","ping_status":"closed","template":"","meta":{"footnotes":""},"class_list":["post-2496","page","type-page","status-publish","hentry"],"yoast_head":"<!-- This site is optimized with the Yoast SEO plugin v26.8 - https:\/\/yoast.com\/product\/yoast-seo-wordpress\/ -->\n<title>Geschenkgutscheine%%- \u00dcberraschen Sie Ihre Lieben - Rimski Vrelec%<\/title>\n<meta name=\"description\" content=\"\u00dcberraschen Sie Ihre Liebsten mit Wohlbefinden, Entspannung und unvergesslichen Momenten in der R\u00f6mischen Therme. Das perfekte Geschenk wartet auf Sie.\" \/>\n<meta name=\"robots\" content=\"index, follow, max-snippet:-1, max-image-preview:large, max-video-preview:-1\" \/>\n<link rel=\"canonical\" href=\"https:\/\/hotelwada.inicial.si\/de\/geschenkgutscheine\/\" \/>\n<meta property=\"og:locale\" content=\"de_DE\" \/>\n<meta property=\"og:type\" content=\"article\" \/>\n<meta property=\"og:title\" content=\"Geschenkgutscheine%%- \u00dcberraschen Sie Ihre Lieben - Rimski Vrelec%\" \/>\n<meta property=\"og:description\" content=\"\u00dcberraschen Sie Ihre Liebsten mit Wohlbefinden, Entspannung und unvergesslichen Momenten in der R\u00f6mischen Therme. Das perfekte Geschenk wartet auf Sie.\" \/>\n<meta property=\"og:url\" content=\"https:\/\/hotelwada.inicial.si\/de\/geschenkgutscheine\/\" \/>\n<meta property=\"og:site_name\" content=\"Rimski Vrelec\" \/>\n<meta property=\"article:publisher\" content=\"https:\/\/www.facebook.com\/Rimskivrelec\/\" \/>\n<meta property=\"article:modified_time\" content=\"2026-02-11T11:35:27+00:00\" \/>\n<meta property=\"og:image\" content=\"https:\/\/hotelwada.inicial.si\/wp-content\/uploads\/2026\/01\/Renderji-zunaj_Rimski-Render-2023-1.webp\" \/>\n\t<meta property=\"og:image:width\" content=\"1200\" \/>\n\t<meta property=\"og:image:height\" content=\"670\" \/>\n\t<meta property=\"og:image:type\" content=\"image\/webp\" \/>\n<meta name=\"twitter:card\" content=\"summary_large_image\" \/>\n<meta name=\"twitter:label1\" content=\"Gesch\u00e4tzte Lesezeit\" \/>\n\t<meta name=\"twitter:data1\" content=\"1\u00a0Minute\" \/>\n<script type=\"application\/ld+json\" class=\"yoast-schema-graph\">{\"@context\":\"https:\/\/schema.org\",\"@graph\":[{\"@type\":\"WebPage\",\"@id\":\"https:\/\/hotelwada.inicial.si\/de\/geschenkgutscheine\/\",\"url\":\"https:\/\/hotelwada.inicial.si\/de\/geschenkgutscheine\/\",\"name\":\"Geschenkgutscheine%%- \u00dcberraschen Sie Ihre Lieben - Rimski Vrelec%\",\"isPartOf\":{\"@id\":\"https:\/\/hotelwada.inicial.si\/de\/#website\"},\"datePublished\":\"2025-11-25T19:28:52+00:00\",\"dateModified\":\"2026-02-11T11:35:27+00:00\",\"description\":\"\u00dcberraschen Sie Ihre Liebsten mit Wohlbefinden, Entspannung und unvergesslichen Momenten in der R\u00f6mischen Therme. Das perfekte Geschenk wartet auf Sie.\",\"breadcrumb\":{\"@id\":\"https:\/\/hotelwada.inicial.si\/de\/geschenkgutscheine\/#breadcrumb\"},\"inLanguage\":\"de\",\"potentialAction\":[{\"@type\":\"ReadAction\",\"target\":[\"https:\/\/hotelwada.inicial.si\/de\/geschenkgutscheine\/\"]}]},{\"@type\":\"BreadcrumbList\",\"@id\":\"https:\/\/hotelwada.inicial.si\/de\/geschenkgutscheine\/#breadcrumb\",\"itemListElement\":[{\"@type\":\"ListItem\",\"position\":1,\"name\":\"Startseite\",\"item\":\"https:\/\/hotelwada.inicial.si\/de\/\"},{\"@type\":\"ListItem\",\"position\":2,\"name\":\"Geschenkgutscheine\"}]},{\"@type\":\"WebSite\",\"@id\":\"https:\/\/hotelwada.inicial.si\/de\/#website\",\"url\":\"https:\/\/hotelwada.inicial.si\/de\/\",\"name\":\"Rimski Vrelec\",\"description\":\"Dobrodo\u0161li v Rimski Vrelec\",\"publisher\":{\"@id\":\"https:\/\/hotelwada.inicial.si\/de\/#organization\"},\"alternateName\":\"Rimski vrelec\",\"potentialAction\":[{\"@type\":\"SearchAction\",\"target\":{\"@type\":\"EntryPoint\",\"urlTemplate\":\"https:\/\/hotelwada.inicial.si\/de\/?s={search_term_string}\"},\"query-input\":{\"@type\":\"PropertyValueSpecification\",\"valueRequired\":true,\"valueName\":\"search_term_string\"}}],\"inLanguage\":\"de\"},{\"@type\":\"Organization\",\"@id\":\"https:\/\/hotelwada.inicial.si\/de\/#organization\",\"name\":\"Rimski Vrelec\",\"url\":\"https:\/\/hotelwada.inicial.si\/de\/\",\"logo\":{\"@type\":\"ImageObject\",\"inLanguage\":\"de\",\"@id\":\"https:\/\/hotelwada.inicial.si\/de\/#\/schema\/logo\/image\/\",\"url\":\"https:\/\/hotelwada.inicial.si\/wp-content\/uploads\/2025\/12\/Rimski-vrelec-logo-empty.svg\",\"contentUrl\":\"https:\/\/hotelwada.inicial.si\/wp-content\/uploads\/2025\/12\/Rimski-vrelec-logo-empty.svg\",\"width\":242,\"height\":64,\"caption\":\"Rimski Vrelec\"},\"image\":{\"@id\":\"https:\/\/hotelwada.inicial.si\/de\/#\/schema\/logo\/image\/\"},\"sameAs\":[\"https:\/\/www.facebook.com\/Rimskivrelec\/\"]}]}<\/script>\n<!-- \/ Yoast SEO plugin. -->","yoast_head_json":{"title":"Geschenkgutscheine%%- \u00dcberraschen Sie Ihre Lieben - Rimski Vrelec%","description":"\u00dcberraschen Sie Ihre Liebsten mit Wohlbefinden, Entspannung und unvergesslichen Momenten in der R\u00f6mischen Therme. Das perfekte Geschenk wartet auf Sie.","robots":{"index":"index","follow":"follow","max-snippet":"max-snippet:-1","max-image-preview":"max-image-preview:large","max-video-preview":"max-video-preview:-1"},"canonical":"https:\/\/hotelwada.inicial.si\/de\/geschenkgutscheine\/","og_locale":"de_DE","og_type":"article","og_title":"Geschenkgutscheine%%- \u00dcberraschen Sie Ihre Lieben - Rimski Vrelec%","og_description":"\u00dcberraschen Sie Ihre Liebsten mit Wohlbefinden, Entspannung und unvergesslichen Momenten in der R\u00f6mischen Therme. Das perfekte Geschenk wartet auf Sie.","og_url":"https:\/\/hotelwada.inicial.si\/de\/geschenkgutscheine\/","og_site_name":"Rimski Vrelec","article_publisher":"https:\/\/www.facebook.com\/Rimskivrelec\/","article_modified_time":"2026-02-11T11:35:27+00:00","og_image":[{"width":1200,"height":670,"url":"https:\/\/hotelwada.inicial.si\/wp-content\/uploads\/2026\/01\/Renderji-zunaj_Rimski-Render-2023-1.webp","type":"image\/webp"}],"twitter_card":"summary_large_image","twitter_misc":{"Gesch\u00e4tzte Lesezeit":"1\u00a0Minute"},"schema":{"@context":"https:\/\/schema.org","@graph":[{"@type":"WebPage","@id":"https:\/\/hotelwada.inicial.si\/de\/geschenkgutscheine\/","url":"https:\/\/hotelwada.inicial.si\/de\/geschenkgutscheine\/","name":"Geschenkgutscheine%%- \u00dcberraschen Sie Ihre Lieben - Rimski Vrelec%","isPartOf":{"@id":"https:\/\/hotelwada.inicial.si\/de\/#website"},"datePublished":"2025-11-25T19:28:52+00:00","dateModified":"2026-02-11T11:35:27+00:00","description":"\u00dcberraschen Sie Ihre Liebsten mit Wohlbefinden, Entspannung und unvergesslichen Momenten in der R\u00f6mischen Therme. Das perfekte Geschenk wartet auf Sie.","breadcrumb":{"@id":"https:\/\/hotelwada.inicial.si\/de\/geschenkgutscheine\/#breadcrumb"},"inLanguage":"de","potentialAction":[{"@type":"ReadAction","target":["https:\/\/hotelwada.inicial.si\/de\/geschenkgutscheine\/"]}]},{"@type":"BreadcrumbList","@id":"https:\/\/hotelwada.inicial.si\/de\/geschenkgutscheine\/#breadcrumb","itemListElement":[{"@type":"ListItem","position":1,"name":"Startseite","item":"https:\/\/hotelwada.inicial.si\/de\/"},{"@type":"ListItem","position":2,"name":"Geschenkgutscheine"}]},{"@type":"WebSite","@id":"https:\/\/hotelwada.inicial.si\/de\/#website","url":"https:\/\/hotelwada.inicial.si\/de\/","name":"Rimski Vrelec","description":"Dobrodo\u0161li v Rimski Vrelec","publisher":{"@id":"https:\/\/hotelwada.inicial.si\/de\/#organization"},"alternateName":"Rimski vrelec","potentialAction":[{"@type":"SearchAction","target":{"@type":"EntryPoint","urlTemplate":"https:\/\/hotelwada.inicial.si\/de\/?s={search_term_string}"},"query-input":{"@type":"PropertyValueSpecification","valueRequired":true,"valueName":"search_term_string"}}],"inLanguage":"de"},{"@type":"Organization","@id":"https:\/\/hotelwada.inicial.si\/de\/#organization","name":"Rimski Vrelec","url":"https:\/\/hotelwada.inicial.si\/de\/","logo":{"@type":"ImageObject","inLanguage":"de","@id":"https:\/\/hotelwada.inicial.si\/de\/#\/schema\/logo\/image\/","url":"https:\/\/hotelwada.inicial.si\/wp-content\/uploads\/2025\/12\/Rimski-vrelec-logo-empty.svg","contentUrl":"https:\/\/hotelwada.inicial.si\/wp-content\/uploads\/2025\/12\/Rimski-vrelec-logo-empty.svg","width":242,"height":64,"caption":"Rimski Vrelec"},"image":{"@id":"https:\/\/hotelwada.inicial.si\/de\/#\/schema\/logo\/image\/"},"sameAs":["https:\/\/www.facebook.com\/Rimskivrelec\/"]}]}},"_links":{"self":[{"href":"https:\/\/hotelwada.inicial.si\/de\/wp-json\/wp\/v2\/pages\/2496","targetHints":{"allow":["GET"]}}],"collection":[{"href":"https:\/\/hotelwada.inicial.si\/de\/wp-json\/wp\/v2\/pages"}],"about":[{"href":"https:\/\/hotelwada.inicial.si\/de\/wp-json\/wp\/v2\/types\/page"}],"author":[{"embeddable":true,"href":"https:\/\/hotelwada.inicial.si\/de\/wp-json\/wp\/v2\/users\/3"}],"replies":[{"embeddable":true,"href":"https:\/\/hotelwada.inicial.si\/de\/wp-json\/wp\/v2\/comments?post=2496"}],"version-history":[{"count":26,"href":"https:\/\/hotelwada.inicial.si\/de\/wp-json\/wp\/v2\/pages\/2496\/revisions"}],"predecessor-version":[{"id":4249,"href":"https:\/\/hotelwada.inicial.si\/de\/wp-json\/wp\/v2\/pages\/2496\/revisions\/4249"}],"wp:attachment":[{"href":"https:\/\/hotelwada.inicial.si\/de\/wp-json\/wp\/v2\/media?parent=2496"}],"curies":[{"name":"wp","href":"https:\/\/api.w.org\/{rel}","templated":true}]}}