{"id":3580,"date":"2026-01-27T06:39:44","date_gmt":"2026-01-27T05:39:44","guid":{"rendered":"https:\/\/hotelwada.inicial.si\/?page_id=3580"},"modified":"2026-01-27T12:57:52","modified_gmt":"2026-01-27T11:57:52","slug":"cookie-richtlinie","status":"publish","type":"page","link":"https:\/\/hotelwada.inicial.si\/de\/cookie-richtlinie\/","title":{"rendered":"Cookie-Richtlinie"},"content":{"rendered":"\t\t<div data-elementor-type=\"wp-page\" data-elementor-id=\"3580\" class=\"elementor elementor-3580 elementor-3525\" data-elementor-post-type=\"page\">\n\t\t\t\t<div class=\"elementor-element elementor-element-13cfd551 e-flex e-con-boxed e-con e-parent\" data-id=\"13cfd551\" data-element_type=\"container\" data-e-type=\"container\">\n\t\t\t\t\t<div class=\"e-con-inner\">\n\t\t\t\t<div class=\"elementor-element elementor-element-30b97a6 elementor-widget elementor-widget-text-editor\" data-id=\"30b97a6\" data-element_type=\"widget\" data-e-type=\"widget\" data-widget_type=\"text-editor.default\">\n\t\t\t\t\t\t\t\t\t<h2>Cookie-Richtlinie<\/h2><p><strong>G\u00fcltig ab: 26.01.2026<\/strong><br \/><strong>Letzte Aktualisierung: 26.01.2026<\/strong><\/p><p>\u00a0<\/p><h3>Was sind Cookies?<\/h3><p>Diese Cookie-Richtlinie erl\u00e4utert, was Cookies sind und wie wir sie verwenden, welche Arten von Cookies wir einsetzen \u2013 d. h. welche Informationen wir mithilfe von Cookies erfassen und wie diese Informationen genutzt werden \u2013 sowie wie Sie die Cookie-Einstellungen verwalten k\u00f6nnen.<\/p><p>Cookies sind kleine Textdateien, die dazu verwendet werden, kleine Informationsmengen zu speichern. Sie werden auf Ihrem Ger\u00e4t gespeichert, wenn die Website in Ihrem Browser geladen wird. Diese Cookies helfen uns dabei, die Website ordnungsgem\u00e4\u00df funktionieren zu lassen, sie sicherer zu machen, eine bessere Benutzererfahrung zu bieten und zu verstehen, wie die Website funktioniert, indem wir analysieren, was gut funktioniert und wo Verbesserungen erforderlich sind.<\/p><p>\u00a0<\/p><h3>Wie verwenden wir Cookies?<\/h3><p>Wie die meisten Online-Dienste verwendet auch unsere Website eigene Cookies sowie Cookies von Drittanbietern f\u00fcr verschiedene Zwecke. Eigene Cookies sind in der Regel f\u00fcr das ordnungsgem\u00e4\u00dfe Funktionieren der Website erforderlich und erfassen keine personenbezogenen Daten von Ihnen.<\/p><p>Die auf unserer Website verwendeten Cookies von Drittanbietern dienen haupts\u00e4chlich dazu, zu verstehen, wie die Website funktioniert, wie Sie mit unserer Website interagieren, die Sicherheit unserer Dienste zu gew\u00e4hrleisten, Ihnen f\u00fcr Sie relevante Werbung bereitzustellen und Ihnen insgesamt eine bessere und verbesserte Benutzererfahrung zu bieten sowie Ihre zuk\u00fcnftigen Interaktionen mit unserer Website zu beschleunigen.<\/p><h3>\u00a0<\/h3><h3 class=\"wp-block-heading\">Arten von Cookies, die wir verwenden<\/h3><p><script type=\"text\/javascript\" charset=\"UTF-8\" data-cookiescriptreport=\"report\" src=\"\/\/report.cookie-script.com\/r\/33ba7ba4d0e243a66dde17c8f6041447.js\"><\/script><\/p><h3>\u00a0<\/h3><h3>Cookie-Einstellungen verwalten<\/h3><p>Sie k\u00f6nnen Ihre Cookie-Einstellungen jederzeit \u00e4ndern, indem Sie auf die Schaltfl\u00e4che oben klicken. So gelangen Sie erneut zum Cookie-Banner und k\u00f6nnen Ihre Einstellungen \u00e4ndern oder Ihre Einwilligung sofort widerrufen.<\/p><p>Dar\u00fcber hinaus bieten verschiedene Browser unterschiedliche Methoden zum Blockieren und L\u00f6schen von Website-Cookies. Sie k\u00f6nnen Ihre Browsereinstellungen entsprechend anpassen. Nachfolgend finden Sie Links zu Hilfedokumenten zum Verwalten und L\u00f6schen von Cookies in den g\u00e4ngigen Webbrowsern.<\/p><p>Chrome: <a href=\"https:\/\/support.google.com\/accounts\/answer\/32050\">https:\/\/support.google.com\/accounts\/answer\/32050<\/a><\/p><p>Safari:\u00a0<a href=\"https:\/\/support.apple.com\/en-in\/guide\/safari\/sfri11471\/mac\" target=\"_blank\" rel=\"noreferrer noopener\">https:\/\/support.apple.com\/en-in\/guide\/safari\/sfri11471\/mac<\/a><\/p><p>Firefox:\u00a0<a href=\"https:\/\/support.mozilla.org\/en-US\/kb\/clear-cookies-and-site-data-firefox?redirectslug=delete-cookies-remove-info-websites-stored&amp;redirectlocale=en-US\" target=\"_blank\" rel=\"noreferrer noopener\">https:\/\/support.mozilla.org\/en-US\/kb\/clear-cookies-and-site-data-firefox?redirectslug=delete-cookies-remove-info-websites-stored&amp;redirectlocale=en-US<\/a><\/p><p>Internet Explorer:\u00a0<a href=\"https:\/\/support.microsoft.com\/en-us\/topic\/how-to-delete-cookie-files-in-internet-explorer-bca9446f-d873-78de-77ba-d42645fa52fc\" target=\"_blank\" rel=\"noreferrer noopener\">https:\/\/support.microsoft.com\/en-us\/topic\/how-to-delete-cookie-files-in-internet-explorer-bca9446f-d873-78de-77ba-d42645fa52fc<\/a><\/p><p>Falls Sie einen anderen Webbrowser verwenden, besuchen Sie bitte die offizielle Supportdokumentation des jeweiligen Browsers.<\/p>\t\t\t\t\t\t\t\t<\/div>\n\t\t\t\t\t<\/div>\n\t\t\t\t<\/div>\n\t\t\t\t<\/div>\n\t\t","protected":false},"excerpt":{"rendered":"<p>Cookie-Richtlinie G\u00fcltig ab: 26.01.2026Letzte Aktualisierung: 26.01.2026 \u00a0 Was sind Cookies? Diese Cookie-Richtlinie erl\u00e4utert, was Cookies sind und wie wir sie verwenden, welche Arten von Cookies wir einsetzen \u2013 d. h. welche Informationen wir mithilfe von Cookies erfassen und wie diese Informationen genutzt werden \u2013 sowie wie Sie die Cookie-Einstellungen verwalten k\u00f6nnen. Cookies sind kleine Textdateien, [&hellip;]<\/p>\n","protected":false},"author":3,"featured_media":0,"parent":0,"menu_order":12,"comment_status":"closed","ping_status":"closed","template":"","meta":{"footnotes":""},"class_list":["post-3580","page","type-page","status-publish","hentry"],"yoast_head":"<!-- This site is optimized with the Yoast SEO plugin v26.8 - https:\/\/yoast.com\/product\/yoast-seo-wordpress\/ -->\n<title>Cookie-Richtlinie - Kontrollieren Sie Ihre Cookies - Rimski Vrelec<\/title>\n<meta name=\"description\" content=\"Genie\u00dfen Sie Kaffee, Tee, regionale Kunst und Produkte in einem gem\u00fctlichen Caf\u00e9 \u2013 ideal vor der Wanderung oder zum Mineralwasserauff\u00fcllen.\" \/>\n<meta name=\"robots\" content=\"index, follow, max-snippet:-1, max-image-preview:large, max-video-preview:-1\" \/>\n<link rel=\"canonical\" href=\"https:\/\/hotelwada.inicial.si\/de\/cookie-richtlinie\/\" \/>\n<meta property=\"og:locale\" content=\"de_DE\" \/>\n<meta property=\"og:type\" content=\"article\" \/>\n<meta property=\"og:title\" content=\"Cookie-Richtlinie - Kontrollieren Sie Ihre Cookies - Rimski Vrelec\" \/>\n<meta property=\"og:description\" content=\"Genie\u00dfen Sie Kaffee, Tee, regionale Kunst und Produkte in einem gem\u00fctlichen Caf\u00e9 \u2013 ideal vor der Wanderung oder zum Mineralwasserauff\u00fcllen.\" \/>\n<meta property=\"og:url\" content=\"https:\/\/hotelwada.inicial.si\/de\/cookie-richtlinie\/\" \/>\n<meta property=\"og:site_name\" content=\"Rimski Vrelec\" \/>\n<meta property=\"article:publisher\" content=\"https:\/\/www.facebook.com\/Rimskivrelec\/\" \/>\n<meta property=\"article:modified_time\" content=\"2026-01-27T11:57:52+00:00\" \/>\n<meta property=\"og:image\" content=\"https:\/\/hotelwada.inicial.si\/wp-content\/uploads\/2026\/01\/Renderji-zunaj_Rimski-Render-2023-1.webp\" \/>\n\t<meta property=\"og:image:width\" content=\"1200\" \/>\n\t<meta property=\"og:image:height\" content=\"670\" \/>\n\t<meta property=\"og:image:type\" content=\"image\/webp\" \/>\n<meta name=\"twitter:card\" content=\"summary_large_image\" \/>\n<meta name=\"twitter:label1\" content=\"Gesch\u00e4tzte Lesezeit\" \/>\n\t<meta name=\"twitter:data1\" content=\"2\u00a0Minuten\" \/>\n<script type=\"application\/ld+json\" class=\"yoast-schema-graph\">{\"@context\":\"https:\/\/schema.org\",\"@graph\":[{\"@type\":\"WebPage\",\"@id\":\"https:\/\/hotelwada.inicial.si\/de\/cookie-richtlinie\/\",\"url\":\"https:\/\/hotelwada.inicial.si\/de\/cookie-richtlinie\/\",\"name\":\"Cookie-Richtlinie - Kontrollieren Sie Ihre Cookies - Rimski Vrelec\",\"isPartOf\":{\"@id\":\"https:\/\/hotelwada.inicial.si\/de\/#website\"},\"datePublished\":\"2026-01-27T05:39:44+00:00\",\"dateModified\":\"2026-01-27T11:57:52+00:00\",\"description\":\"Genie\u00dfen Sie Kaffee, Tee, regionale Kunst und Produkte in einem gem\u00fctlichen Caf\u00e9 \u2013 ideal vor der Wanderung oder zum Mineralwasserauff\u00fcllen.\",\"breadcrumb\":{\"@id\":\"https:\/\/hotelwada.inicial.si\/de\/cookie-richtlinie\/#breadcrumb\"},\"inLanguage\":\"de\",\"potentialAction\":[{\"@type\":\"ReadAction\",\"target\":[\"https:\/\/hotelwada.inicial.si\/de\/cookie-richtlinie\/\"]}]},{\"@type\":\"BreadcrumbList\",\"@id\":\"https:\/\/hotelwada.inicial.si\/de\/cookie-richtlinie\/#breadcrumb\",\"itemListElement\":[{\"@type\":\"ListItem\",\"position\":1,\"name\":\"Startseite\",\"item\":\"https:\/\/hotelwada.inicial.si\/de\/\"},{\"@type\":\"ListItem\",\"position\":2,\"name\":\"Cookie-Richtlinie\"}]},{\"@type\":\"WebSite\",\"@id\":\"https:\/\/hotelwada.inicial.si\/de\/#website\",\"url\":\"https:\/\/hotelwada.inicial.si\/de\/\",\"name\":\"Rimski Vrelec\",\"description\":\"Dobrodo\u0161li v Rimski Vrelec\",\"publisher\":{\"@id\":\"https:\/\/hotelwada.inicial.si\/de\/#organization\"},\"alternateName\":\"Rimski vrelec\",\"potentialAction\":[{\"@type\":\"SearchAction\",\"target\":{\"@type\":\"EntryPoint\",\"urlTemplate\":\"https:\/\/hotelwada.inicial.si\/de\/?s={search_term_string}\"},\"query-input\":{\"@type\":\"PropertyValueSpecification\",\"valueRequired\":true,\"valueName\":\"search_term_string\"}}],\"inLanguage\":\"de\"},{\"@type\":\"Organization\",\"@id\":\"https:\/\/hotelwada.inicial.si\/de\/#organization\",\"name\":\"Rimski Vrelec\",\"url\":\"https:\/\/hotelwada.inicial.si\/de\/\",\"logo\":{\"@type\":\"ImageObject\",\"inLanguage\":\"de\",\"@id\":\"https:\/\/hotelwada.inicial.si\/de\/#\/schema\/logo\/image\/\",\"url\":\"https:\/\/hotelwada.inicial.si\/wp-content\/uploads\/2025\/12\/Rimski-vrelec-logo-empty.svg\",\"contentUrl\":\"https:\/\/hotelwada.inicial.si\/wp-content\/uploads\/2025\/12\/Rimski-vrelec-logo-empty.svg\",\"width\":242,\"height\":64,\"caption\":\"Rimski Vrelec\"},\"image\":{\"@id\":\"https:\/\/hotelwada.inicial.si\/de\/#\/schema\/logo\/image\/\"},\"sameAs\":[\"https:\/\/www.facebook.com\/Rimskivrelec\/\"]}]}<\/script>\n<!-- \/ Yoast SEO plugin. -->","yoast_head_json":{"title":"Cookie-Richtlinie - Kontrollieren Sie Ihre Cookies - Rimski Vrelec","description":"Genie\u00dfen Sie Kaffee, Tee, regionale Kunst und Produkte in einem gem\u00fctlichen Caf\u00e9 \u2013 ideal vor der Wanderung oder zum Mineralwasserauff\u00fcllen.","robots":{"index":"index","follow":"follow","max-snippet":"max-snippet:-1","max-image-preview":"max-image-preview:large","max-video-preview":"max-video-preview:-1"},"canonical":"https:\/\/hotelwada.inicial.si\/de\/cookie-richtlinie\/","og_locale":"de_DE","og_type":"article","og_title":"Cookie-Richtlinie - Kontrollieren Sie Ihre Cookies - Rimski Vrelec","og_description":"Genie\u00dfen Sie Kaffee, Tee, regionale Kunst und Produkte in einem gem\u00fctlichen Caf\u00e9 \u2013 ideal vor der Wanderung oder zum Mineralwasserauff\u00fcllen.","og_url":"https:\/\/hotelwada.inicial.si\/de\/cookie-richtlinie\/","og_site_name":"Rimski Vrelec","article_publisher":"https:\/\/www.facebook.com\/Rimskivrelec\/","article_modified_time":"2026-01-27T11:57:52+00:00","og_image":[{"width":1200,"height":670,"url":"https:\/\/hotelwada.inicial.si\/wp-content\/uploads\/2026\/01\/Renderji-zunaj_Rimski-Render-2023-1.webp","type":"image\/webp"}],"twitter_card":"summary_large_image","twitter_misc":{"Gesch\u00e4tzte Lesezeit":"2\u00a0Minuten"},"schema":{"@context":"https:\/\/schema.org","@graph":[{"@type":"WebPage","@id":"https:\/\/hotelwada.inicial.si\/de\/cookie-richtlinie\/","url":"https:\/\/hotelwada.inicial.si\/de\/cookie-richtlinie\/","name":"Cookie-Richtlinie - Kontrollieren Sie Ihre Cookies - Rimski Vrelec","isPartOf":{"@id":"https:\/\/hotelwada.inicial.si\/de\/#website"},"datePublished":"2026-01-27T05:39:44+00:00","dateModified":"2026-01-27T11:57:52+00:00","description":"Genie\u00dfen Sie Kaffee, Tee, regionale Kunst und Produkte in einem gem\u00fctlichen Caf\u00e9 \u2013 ideal vor der Wanderung oder zum Mineralwasserauff\u00fcllen.","breadcrumb":{"@id":"https:\/\/hotelwada.inicial.si\/de\/cookie-richtlinie\/#breadcrumb"},"inLanguage":"de","potentialAction":[{"@type":"ReadAction","target":["https:\/\/hotelwada.inicial.si\/de\/cookie-richtlinie\/"]}]},{"@type":"BreadcrumbList","@id":"https:\/\/hotelwada.inicial.si\/de\/cookie-richtlinie\/#breadcrumb","itemListElement":[{"@type":"ListItem","position":1,"name":"Startseite","item":"https:\/\/hotelwada.inicial.si\/de\/"},{"@type":"ListItem","position":2,"name":"Cookie-Richtlinie"}]},{"@type":"WebSite","@id":"https:\/\/hotelwada.inicial.si\/de\/#website","url":"https:\/\/hotelwada.inicial.si\/de\/","name":"Rimski Vrelec","description":"Dobrodo\u0161li v Rimski Vrelec","publisher":{"@id":"https:\/\/hotelwada.inicial.si\/de\/#organization"},"alternateName":"Rimski vrelec","potentialAction":[{"@type":"SearchAction","target":{"@type":"EntryPoint","urlTemplate":"https:\/\/hotelwada.inicial.si\/de\/?s={search_term_string}"},"query-input":{"@type":"PropertyValueSpecification","valueRequired":true,"valueName":"search_term_string"}}],"inLanguage":"de"},{"@type":"Organization","@id":"https:\/\/hotelwada.inicial.si\/de\/#organization","name":"Rimski Vrelec","url":"https:\/\/hotelwada.inicial.si\/de\/","logo":{"@type":"ImageObject","inLanguage":"de","@id":"https:\/\/hotelwada.inicial.si\/de\/#\/schema\/logo\/image\/","url":"https:\/\/hotelwada.inicial.si\/wp-content\/uploads\/2025\/12\/Rimski-vrelec-logo-empty.svg","contentUrl":"https:\/\/hotelwada.inicial.si\/wp-content\/uploads\/2025\/12\/Rimski-vrelec-logo-empty.svg","width":242,"height":64,"caption":"Rimski Vrelec"},"image":{"@id":"https:\/\/hotelwada.inicial.si\/de\/#\/schema\/logo\/image\/"},"sameAs":["https:\/\/www.facebook.com\/Rimskivrelec\/"]}]}},"_links":{"self":[{"href":"https:\/\/hotelwada.inicial.si\/de\/wp-json\/wp\/v2\/pages\/3580","targetHints":{"allow":["GET"]}}],"collection":[{"href":"https:\/\/hotelwada.inicial.si\/de\/wp-json\/wp\/v2\/pages"}],"about":[{"href":"https:\/\/hotelwada.inicial.si\/de\/wp-json\/wp\/v2\/types\/page"}],"author":[{"embeddable":true,"href":"https:\/\/hotelwada.inicial.si\/de\/wp-json\/wp\/v2\/users\/3"}],"replies":[{"embeddable":true,"href":"https:\/\/hotelwada.inicial.si\/de\/wp-json\/wp\/v2\/comments?post=3580"}],"version-history":[{"count":7,"href":"https:\/\/hotelwada.inicial.si\/de\/wp-json\/wp\/v2\/pages\/3580\/revisions"}],"predecessor-version":[{"id":3587,"href":"https:\/\/hotelwada.inicial.si\/de\/wp-json\/wp\/v2\/pages\/3580\/revisions\/3587"}],"wp:attachment":[{"href":"https:\/\/hotelwada.inicial.si\/de\/wp-json\/wp\/v2\/media?parent=3580"}],"curies":[{"name":"wp","href":"https:\/\/api.w.org\/{rel}","templated":true}]}}