{"id":3028,"date":"2025-11-26T12:23:15","date_gmt":"2025-11-26T11:23:15","guid":{"rendered":"https:\/\/hotelwada.inicial.si\/global-settings\/"},"modified":"2026-01-23T01:09:21","modified_gmt":"2026-01-23T00:09:21","slug":"global-settings","status":"publish","type":"page","link":"https:\/\/hotelwada.inicial.si\/en\/global-settings\/","title":{"rendered":"Global settings"},"content":{"rendered":"\t\t<div data-elementor-type=\"wp-page\" data-elementor-id=\"3028\" class=\"elementor elementor-3028 elementor-35\" data-elementor-post-type=\"page\">\n\t\t\t\t<div class=\"elementor-element elementor-element-6713734 standard-section e-flex e-con-boxed e-con e-parent\" data-id=\"6713734\" data-element_type=\"container\" data-e-type=\"container\">\n\t\t\t\t\t<div class=\"e-con-inner\">\n\t\t\t\t<div class=\"elementor-element elementor-element-96257d9 elementor-widget elementor-widget-heading\" data-id=\"96257d9\" data-element_type=\"widget\" data-e-type=\"widget\" data-widget_type=\"heading.default\">\n\t\t\t\t\t<h2 class=\"elementor-heading-title elementor-size-default\">Primary - Buti\u010dni alpski &amp; spa hotel<\/h2>\t\t\t\t<\/div>\n\t\t\t\t<div class=\"elementor-element elementor-element-78bde93 elementor-widget elementor-widget-heading\" data-id=\"78bde93\" data-element_type=\"widget\" data-e-type=\"widget\" data-widget_type=\"heading.default\">\n\t\t\t\t\t<h2 class=\"elementor-heading-title elementor-size-default\">H1 - Hotelske sobe<\/h2>\t\t\t\t<\/div>\n\t\t\t\t<div class=\"elementor-element elementor-element-c3e8aba elementor-widget elementor-widget-heading\" data-id=\"c3e8aba\" data-element_type=\"widget\" data-e-type=\"widget\" data-widget_type=\"heading.default\">\n\t\t\t\t\t<h2 class=\"elementor-heading-title elementor-size-default\">H2 - Osve\u017eilna mineralna\u2028voda iz Rimskega vrelca<\/h2>\t\t\t\t<\/div>\n\t\t\t\t<div class=\"elementor-element elementor-element-0fe4cd1 elementor-widget elementor-widget-heading\" data-id=\"0fe4cd1\" data-element_type=\"widget\" data-e-type=\"widget\" data-widget_type=\"heading.default\">\n\t\t\t\t\t<h2 class=\"elementor-heading-title elementor-size-default\">H3 - Pohodni\u0161ke poti v objemu Ur\u0161lje gore<\/h2>\t\t\t\t<\/div>\n\t\t\t\t<div class=\"elementor-element elementor-element-a68643d elementor-widget elementor-widget-text-editor\" data-id=\"a68643d\" data-element_type=\"widget\" data-e-type=\"widget\" data-widget_type=\"text-editor.default\">\n\t\t\t\t\t\t\t\t\t<p>Text &#8211; Hotuljsko slatino si lahko kadarkoli privo\u0161\u010di\u0161 sve\u017ee nato\u010deno. Nova vodna fontana predstavlja na\u0161 poklon naravi in dedi\u0161\u010dini kraja, ki ga je v veliki meri zaznamovalo \u017eelezarstvo. <\/p>\t\t\t\t\t\t\t\t<\/div>\n\t\t\t\t<div class=\"elementor-element elementor-element-55d1ef5 elementor-widget elementor-widget-text-editor\" data-id=\"55d1ef5\" data-element_type=\"widget\" data-e-type=\"widget\" data-widget_type=\"text-editor.default\">\n\t\t\t\t\t\t\t\t\t<p>Text Small &#8211; Hotuljsko slatino si lahko kadarkoli privo\u0161\u010di\u0161 sve\u017ee nato\u010deno. Nova vodna fontana predstavlja na\u0161 poklon naravi in dedi\u0161\u010dini kraja, ki ga je v veliki meri zaznamovalo \u017eelezarstvo. <\/p>\t\t\t\t\t\t\t\t<\/div>\n\t\t\t\t<div class=\"elementor-element elementor-element-a56429a tag elementor-widget elementor-widget-heading\" data-id=\"a56429a\" data-element_type=\"widget\" data-e-type=\"widget\" data-widget_type=\"heading.default\">\n\t\t\t\t\t<h4 class=\"elementor-heading-title elementor-size-default\">Tag - NA\u0160A ZGODBA<\/h4>\t\t\t\t<\/div>\n\t\t\t\t<div class=\"elementor-element elementor-element-a2e8add elementor-widget elementor-widget-heading\" data-id=\"a2e8add\" data-element_type=\"widget\" data-e-type=\"widget\" data-widget_type=\"heading.default\">\n\t\t\t\t\t<h4 class=\"elementor-heading-title elementor-size-default\">Menu Heading - NA\u0160A ZGODBA<\/h4>\t\t\t\t<\/div>\n\t\t<div class=\"elementor-element elementor-element-95b87fd e-con-full e-flex e-con e-child\" data-id=\"95b87fd\" data-element_type=\"container\" data-e-type=\"container\">\n\t\t\t\t<div class=\"elementor-element elementor-element-df58032 main-button elementor-widget elementor-widget-button\" data-id=\"df58032\" data-element_type=\"widget\" data-e-type=\"widget\" data-widget_type=\"button.default\">\n\t\t\t\t\t\t\t\t\t\t<a class=\"elementor-button elementor-button-link elementor-size-sm\" href=\"#\">\n\t\t\t\t\t\t<span class=\"elementor-button-content-wrapper\">\n\t\t\t\t\t\t\t\t\t<span class=\"elementor-button-text\">BOOK NOW<\/span>\n\t\t\t\t\t<\/span>\n\t\t\t\t\t<\/a>\n\t\t\t\t\t\t\t\t<\/div>\n\t\t\t\t<div class=\"elementor-element elementor-element-68b7628 secondary-button elementor-widget elementor-widget-button\" data-id=\"68b7628\" data-element_type=\"widget\" data-e-type=\"widget\" data-widget_type=\"button.default\">\n\t\t\t\t\t\t\t\t\t\t<a class=\"elementor-button elementor-button-link elementor-size-sm\" href=\"#\">\n\t\t\t\t\t\t<span class=\"elementor-button-content-wrapper\">\n\t\t\t\t\t\t\t\t\t<span class=\"elementor-button-text\">OUR STORY<\/span>\n\t\t\t\t\t<\/span>\n\t\t\t\t\t<\/a>\n\t\t\t\t\t\t\t\t<\/div>\n\t\t\t\t<\/div>\n\t\t<div class=\"elementor-element elementor-element-59ce648 e-grid e-con-full e-con e-child\" data-id=\"59ce648\" data-element_type=\"container\" data-e-type=\"container\">\n\t\t<div class=\"elementor-element elementor-element-70aaa73 e-con-full e-flex e-con e-child\" data-id=\"70aaa73\" data-element_type=\"container\" data-e-type=\"container\" data-settings=\"{&quot;background_background&quot;:&quot;classic&quot;}\">\n\t\t\t\t<div class=\"elementor-element elementor-element-6fbdc8f elementor-widget elementor-widget-heading\" data-id=\"6fbdc8f\" data-element_type=\"widget\" data-e-type=\"widget\" data-widget_type=\"heading.default\">\n\t\t\t\t\t<h4 class=\"elementor-heading-title elementor-size-default\">Brand color<\/h4>\t\t\t\t<\/div>\n\t\t\t\t<\/div>\n\t\t<div class=\"elementor-element elementor-element-7cd1236 e-con-full e-flex e-con e-child\" data-id=\"7cd1236\" data-element_type=\"container\" data-e-type=\"container\" data-settings=\"{&quot;background_background&quot;:&quot;classic&quot;}\">\n\t\t\t\t<div class=\"elementor-element elementor-element-a7653a2 elementor-widget elementor-widget-heading\" data-id=\"a7653a2\" data-element_type=\"widget\" data-e-type=\"widget\" data-widget_type=\"heading.default\">\n\t\t\t\t\t<h4 class=\"elementor-heading-title elementor-size-default\">Brand Light color<\/h4>\t\t\t\t<\/div>\n\t\t\t\t<\/div>\n\t\t<div class=\"elementor-element elementor-element-4ff76d0 e-con-full e-flex e-con e-child\" data-id=\"4ff76d0\" data-element_type=\"container\" data-e-type=\"container\" data-settings=\"{&quot;background_background&quot;:&quot;classic&quot;}\">\n\t\t\t\t<div class=\"elementor-element elementor-element-f123148 elementor-widget elementor-widget-heading\" data-id=\"f123148\" data-element_type=\"widget\" data-e-type=\"widget\" data-widget_type=\"heading.default\">\n\t\t\t\t\t<h4 class=\"elementor-heading-title elementor-size-default\">Borders color (20%)<\/h4>\t\t\t\t<\/div>\n\t\t\t\t<\/div>\n\t\t<div class=\"elementor-element elementor-element-bf23db6 e-con-full e-flex e-con e-child\" data-id=\"bf23db6\" data-element_type=\"container\" data-e-type=\"container\" data-settings=\"{&quot;background_background&quot;:&quot;classic&quot;}\">\n\t\t\t\t<div class=\"elementor-element elementor-element-1b0a783 elementor-widget elementor-widget-heading\" data-id=\"1b0a783\" data-element_type=\"widget\" data-e-type=\"widget\" data-widget_type=\"heading.default\">\n\t\t\t\t\t<h4 class=\"elementor-heading-title elementor-size-default\">Heading color<\/h4>\t\t\t\t<\/div>\n\t\t\t\t<\/div>\n\t\t<div class=\"elementor-element elementor-element-29717e9 e-con-full e-flex e-con e-child\" data-id=\"29717e9\" data-element_type=\"container\" data-e-type=\"container\" data-settings=\"{&quot;background_background&quot;:&quot;classic&quot;}\">\n\t\t\t\t<div class=\"elementor-element elementor-element-d7bcfa6 elementor-widget elementor-widget-heading\" data-id=\"d7bcfa6\" data-element_type=\"widget\" data-e-type=\"widget\" data-widget_type=\"heading.default\">\n\t\t\t\t\t<h4 class=\"elementor-heading-title elementor-size-default\">Text color<\/h4>\t\t\t\t<\/div>\n\t\t\t\t<\/div>\n\t\t<div class=\"elementor-element elementor-element-42194ec e-con-full e-flex e-con e-child\" data-id=\"42194ec\" data-element_type=\"container\" data-e-type=\"container\" data-settings=\"{&quot;background_background&quot;:&quot;classic&quot;}\">\n\t\t\t\t<div class=\"elementor-element elementor-element-4a45aa0 elementor-widget elementor-widget-heading\" data-id=\"4a45aa0\" data-element_type=\"widget\" data-e-type=\"widget\" data-widget_type=\"heading.default\">\n\t\t\t\t\t<h4 class=\"elementor-heading-title elementor-size-default\">Default black color<\/h4>\t\t\t\t<\/div>\n\t\t\t\t<\/div>\n\t\t<div class=\"elementor-element elementor-element-35f159a e-con-full e-flex e-con e-child\" data-id=\"35f159a\" data-element_type=\"container\" data-e-type=\"container\" data-settings=\"{&quot;background_background&quot;:&quot;classic&quot;}\">\n\t\t\t\t<div class=\"elementor-element elementor-element-d8a4c81 elementor-widget elementor-widget-heading\" data-id=\"d8a4c81\" data-element_type=\"widget\" data-e-type=\"widget\" data-widget_type=\"heading.default\">\n\t\t\t\t\t<h4 class=\"elementor-heading-title elementor-size-default\">Default white color<\/h4>\t\t\t\t<\/div>\n\t\t\t\t<\/div>\n\t\t\t\t<\/div>\n\t\t\t\t\t<\/div>\n\t\t\t\t<\/div>\n\t\t<div class=\"elementor-element elementor-element-62b2057 e-grid s-tb-p s-lr-p e-con-boxed e-con e-parent\" data-id=\"62b2057\" data-element_type=\"container\" data-e-type=\"container\" data-settings=\"{&quot;background_background&quot;:&quot;classic&quot;}\">\n\t\t\t\t\t<div class=\"e-con-inner\">\n\t\t\t\t<div class=\"elementor-element elementor-element-44c9447 elementor-absolute datepicker elementor-widget elementor-widget-jet-form-builder-form\" data-id=\"44c9447\" data-element_type=\"widget\" data-e-type=\"widget\" data-settings=\"{&quot;_position&quot;:&quot;absolute&quot;}\" data-widget_type=\"jet-form-builder-form.default\">\n\t\t\t\t<div class=\"elementor-widget-container\">\n\t\t\t\t\t<link rel='stylesheet' id='wp-block-library-css' href='https:\/\/hotelwada.inicial.si\/wp-includes\/css\/dist\/block-library\/style.min.css?ver=6.9.4' media='all' \/>\n<style id=\"jet-form-builder-33-inline-css\"><\/style><form  class=\"jet-form-builder layout-column submit-type-reload\" action=\"https:\/\/hotelwada.inicial.si\/en\/wp-json\/wp\/v2\/pages\/3028\/?9x0hw4=8xf76I96cv6L&amp;method=reload\" method=\"POST\" data-form-id=\"33\" data-layout=\"column\" enctype=\"multipart\/form-data\" data-clear=\"1\" novalidate=\"null\" ssr_validation_method=\"rest\">\r\n<input type=\"hidden\" name=\"_jfb_current_render_states[]\" value=\"DEFAULT.STATE\" data-jfb-sync \/><input type=\"hidden\" class=\"jet-form-builder__field hidden-field\" name=\"_jet_engine_booking_form_id\" data-field-name=\"_jet_engine_booking_form_id\" value=\"33\">\n<input type=\"hidden\" class=\"jet-form-builder__field hidden-field\" name=\"_jet_engine_refer\" data-field-name=\"_jet_engine_refer\" value=\"https:\/\/hotelwada.inicial.si\/en\/wp-json\/wp\/v2\/pages\/3028\/\">\n<input type=\"hidden\" class=\"jet-form-builder__field hidden-field\" name=\"__queried_post_id\" data-field-name=\"__queried_post_id\" value=\"3028\">\n\n<div class=\"wp-block-columns are-vertically-aligned-center is-layout-flex wp-container-core-columns-is-layout-28f84493 wp-block-columns-is-layout-flex\">\n<div class=\"wp-block-column is-vertically-aligned-center is-layout-flow wp-block-column-is-layout-flow\" style=\"flex-basis:45%\"><div  class=\"jet-form-builder-row field-type-check-in-out wp-block-jet-forms-check-in-out\">\n<div class=\"jet-form-builder__label\">\r\n<div class=\"jet-form-builder__label-text\">Check-in\/out<\/div><\/div><div class=\"jet-abaf-separate-fields\"  >\n\t<div class=\"jet-abaf-separate-field jet-form-col-6\">\n\t\t\n\t\t<div class=\"jet-abaf-separate-field__control\">\n\t\t\t<input\n\t\t\t\ttype=\"text\"\n\t\t\t\tid=\"jet_abaf_field_1\"\n\t\t\t\tname=\"_dates_range__in\"\n\t\t\t\tclass=\"jet-abaf-field__input jet-form-builder__field\"\n\t\t\t\tplaceholder=\"PRIHOD\"\n\t\t\t\tvalue=\"\"\n\t\t\t\tautocomplete=\"off\"\n\t\t\t\treadonly\n\t\t\t\t\t\t\t\/>\n\n\t\t\t\t\t<\/div>\n\t<\/div>\n\n\t<div class=\"jet-abaf-separate-field jet-form-col-6\">\n\t\t\n\t\t<div class=\"jet-abaf-separate-field__control\">\n\t\t\t<input\n\t\t\t\ttype=\"text\"\n\t\t\t\tid=\"jet_abaf_field_2\"\n\t\t\t\tname=\"_dates_range__out\"\n\t\t\t\tclass=\"jet-abaf-field__input jet-form-builder__field\"\n\t\t\t\tplaceholder=\"ODHOD\"\n\t\t\t\tvalue=\"\"\n\t\t\t\tautocomplete=\"off\"\n\t\t\t\treadonly\n\t\t\t\t\t\t\t\/>\n\n\t\t\t\t\t<\/div>\n\t<\/div>\n\n\t<input\n\t\ttype=\"hidden\"\n\t\tid=\"jet_abaf_field_range\"\n\t\tname=\"_dates_range\"\n\t\tclass=\"jet-abaf-field__input jet-form-builder__field\"\n\t\tvalue=\"\"\n\t\tdata-field=\"checkin-checkout\"\n\t\tdata-format=\"DD.MM.YYYY\"\n\t\/>\n<\/div>\n<\/div><\/div>\n\n\n\n<div class=\"wp-block-column is-vertically-aligned-center is-layout-flow wp-block-column-is-layout-flow\" style=\"flex-basis:35%\"><div  class=\"jet-form-builder-row field-type-number-field\" >\n<div class=\"jet-form-builder__label\">\r\n<div class=\"jet-form-builder__label-text\">\u0160t. gostov<\/div><\/div><div class=\"jet-form-builder__field-wrap\">\n\t\t<input type=\"number\" class=\"jet-form-builder__field text-field\" placeholder=\"\u0160T. GOSTOV\" min=\"1\" name=\"_voucher\" data-field-name=\"_voucher\" id=\"_voucher\" data-jfb-sync=\"null\">\n\t<\/div>\n<\/div><\/div>\n\n\n\n<div class=\"wp-block-column is-vertically-aligned-center is-layout-flow wp-block-column-is-layout-flow\" style=\"flex-basis:20%\"><div class=\"jfb-visually-hidden\" tabindex=\"-1\"><div class=\"jet-form-builder__field-wrap\">\n\t\t\t\t<input name=\"email\" id=\"email\" type=\"email\" data-field-name=\"email\" class=\"jet-form-builder__field text-field\" data-jfb-sync=\"null\" autocomplete=\"off_XYe3E79p\">\n\t\t\t\t\t<\/div><\/div><div  class=\"jet-form-builder-row field-type-submit-field\" >\n\t<div data-type=\"submit\" class=\"jet-form-builder__action-button-wrapper jet-form-builder__submit-wrap\">\n\t<button class=\"jet-form-builder__action-button main-button jet-form-builder__submit submit-type-reload\" type=\"submit\">REZERVIRAJ<\/button>\n\t<\/div>\n\t\n<\/div><\/div>\n<\/div>\n\n\n\n<p><\/p>\n\t<div class=\"jet-form-builder-messages-wrap\" data-form-id=\"33\"><\/div>\n<\/form>\n\t\t\t\t<\/div>\n\t\t\t\t<\/div>\n\t\t\t\t\t<\/div>\n\t\t\t\t<\/div>\n\t\t\t\t<\/div>\n\t\t","protected":false},"excerpt":{"rendered":"<p>Primary &#8211; Buti\u010dni alpski &amp; spa hotel H1 &#8211; Hotelske sobe H2 &#8211; Osve\u017eilna mineralna\u2028voda iz Rimskega vrelca H3 &#8211; Pohodni\u0161ke poti v objemu Ur\u0161lje gore Text &#8211; Hotuljsko slatino si lahko kadarkoli privo\u0161\u010di\u0161 sve\u017ee nato\u010deno. Nova vodna fontana predstavlja na\u0161 poklon naravi in dedi\u0161\u010dini kraja, ki ga je v veliki meri zaznamovalo \u017eelezarstvo. Text [&hellip;]<\/p>\n","protected":false},"author":3,"featured_media":0,"parent":0,"menu_order":10,"comment_status":"closed","ping_status":"closed","template":"","meta":{"footnotes":""},"class_list":["post-3028","page","type-page","status-publish","hentry"],"yoast_head":"<!-- This site is optimized with the Yoast SEO plugin v26.8 - https:\/\/yoast.com\/product\/yoast-seo-wordpress\/ -->\n<title>Global settings - Rimski Vrelec<\/title>\n<meta name=\"robots\" content=\"index, follow, max-snippet:-1, max-image-preview:large, max-video-preview:-1\" \/>\n<link rel=\"canonical\" href=\"https:\/\/hotelwada.inicial.si\/en\/global-settings\/\" \/>\n<meta property=\"og:locale\" content=\"en_US\" \/>\n<meta property=\"og:type\" content=\"article\" \/>\n<meta property=\"og:title\" content=\"Global settings - Rimski Vrelec\" \/>\n<meta property=\"og:description\" content=\"Primary &#8211; Buti\u010dni alpski &amp; spa hotel H1 &#8211; Hotelske sobe H2 &#8211; Osve\u017eilna mineralna\u2028voda iz Rimskega vrelca H3 &#8211; Pohodni\u0161ke poti v objemu Ur\u0161lje gore Text &#8211; Hotuljsko slatino si lahko kadarkoli privo\u0161\u010di\u0161 sve\u017ee nato\u010deno. Nova vodna fontana predstavlja na\u0161 poklon naravi in dedi\u0161\u010dini kraja, ki ga je v veliki meri zaznamovalo \u017eelezarstvo. Text [&hellip;]\" \/>\n<meta property=\"og:url\" content=\"https:\/\/hotelwada.inicial.si\/en\/global-settings\/\" \/>\n<meta property=\"og:site_name\" content=\"Rimski Vrelec\" \/>\n<meta property=\"article:publisher\" content=\"https:\/\/www.facebook.com\/Rimskivrelec\/\" \/>\n<meta property=\"article:modified_time\" content=\"2026-01-23T00:09:21+00:00\" \/>\n<meta property=\"og:image\" content=\"https:\/\/hotelwada.inicial.si\/wp-content\/uploads\/2026\/01\/Renderji-zunaj_Rimski-Render-2023-1.webp\" \/>\n\t<meta property=\"og:image:width\" content=\"1200\" \/>\n\t<meta property=\"og:image:height\" content=\"670\" \/>\n\t<meta property=\"og:image:type\" content=\"image\/webp\" \/>\n<meta name=\"twitter:card\" content=\"summary_large_image\" \/>\n<meta name=\"twitter:label1\" content=\"Est. reading time\" \/>\n\t<meta name=\"twitter:data1\" content=\"1 minute\" \/>\n<script type=\"application\/ld+json\" class=\"yoast-schema-graph\">{\"@context\":\"https:\/\/schema.org\",\"@graph\":[{\"@type\":\"WebPage\",\"@id\":\"https:\/\/hotelwada.inicial.si\/en\/global-settings\/\",\"url\":\"https:\/\/hotelwada.inicial.si\/en\/global-settings\/\",\"name\":\"Global settings - Rimski Vrelec\",\"isPartOf\":{\"@id\":\"https:\/\/hotelwada.inicial.si\/en\/#website\"},\"datePublished\":\"2025-11-26T11:23:15+00:00\",\"dateModified\":\"2026-01-23T00:09:21+00:00\",\"breadcrumb\":{\"@id\":\"https:\/\/hotelwada.inicial.si\/en\/global-settings\/#breadcrumb\"},\"inLanguage\":\"en-US\",\"potentialAction\":[{\"@type\":\"ReadAction\",\"target\":[\"https:\/\/hotelwada.inicial.si\/en\/global-settings\/\"]}]},{\"@type\":\"BreadcrumbList\",\"@id\":\"https:\/\/hotelwada.inicial.si\/en\/global-settings\/#breadcrumb\",\"itemListElement\":[{\"@type\":\"ListItem\",\"position\":1,\"name\":\"Home\",\"item\":\"https:\/\/hotelwada.inicial.si\/en\/\"},{\"@type\":\"ListItem\",\"position\":2,\"name\":\"Global settings\"}]},{\"@type\":\"WebSite\",\"@id\":\"https:\/\/hotelwada.inicial.si\/en\/#website\",\"url\":\"https:\/\/hotelwada.inicial.si\/en\/\",\"name\":\"Rimski Vrelec\",\"description\":\"Dobrodo\u0161li v Rimski Vrelec\",\"publisher\":{\"@id\":\"https:\/\/hotelwada.inicial.si\/en\/#organization\"},\"alternateName\":\"Rimski vrelec\",\"potentialAction\":[{\"@type\":\"SearchAction\",\"target\":{\"@type\":\"EntryPoint\",\"urlTemplate\":\"https:\/\/hotelwada.inicial.si\/en\/?s={search_term_string}\"},\"query-input\":{\"@type\":\"PropertyValueSpecification\",\"valueRequired\":true,\"valueName\":\"search_term_string\"}}],\"inLanguage\":\"en-US\"},{\"@type\":\"Organization\",\"@id\":\"https:\/\/hotelwada.inicial.si\/en\/#organization\",\"name\":\"Rimski Vrelec\",\"url\":\"https:\/\/hotelwada.inicial.si\/en\/\",\"logo\":{\"@type\":\"ImageObject\",\"inLanguage\":\"en-US\",\"@id\":\"https:\/\/hotelwada.inicial.si\/en\/#\/schema\/logo\/image\/\",\"url\":\"https:\/\/hotelwada.inicial.si\/wp-content\/uploads\/2025\/12\/Rimski-vrelec-logo-empty.svg\",\"contentUrl\":\"https:\/\/hotelwada.inicial.si\/wp-content\/uploads\/2025\/12\/Rimski-vrelec-logo-empty.svg\",\"width\":242,\"height\":64,\"caption\":\"Rimski Vrelec\"},\"image\":{\"@id\":\"https:\/\/hotelwada.inicial.si\/en\/#\/schema\/logo\/image\/\"},\"sameAs\":[\"https:\/\/www.facebook.com\/Rimskivrelec\/\"]}]}<\/script>\n<!-- \/ Yoast SEO plugin. -->","yoast_head_json":{"title":"Global settings - Rimski Vrelec","robots":{"index":"index","follow":"follow","max-snippet":"max-snippet:-1","max-image-preview":"max-image-preview:large","max-video-preview":"max-video-preview:-1"},"canonical":"https:\/\/hotelwada.inicial.si\/en\/global-settings\/","og_locale":"en_US","og_type":"article","og_title":"Global settings - Rimski Vrelec","og_description":"Primary &#8211; Buti\u010dni alpski &amp; spa hotel H1 &#8211; Hotelske sobe H2 &#8211; Osve\u017eilna mineralna\u2028voda iz Rimskega vrelca H3 &#8211; Pohodni\u0161ke poti v objemu Ur\u0161lje gore Text &#8211; Hotuljsko slatino si lahko kadarkoli privo\u0161\u010di\u0161 sve\u017ee nato\u010deno. Nova vodna fontana predstavlja na\u0161 poklon naravi in dedi\u0161\u010dini kraja, ki ga je v veliki meri zaznamovalo \u017eelezarstvo. Text [&hellip;]","og_url":"https:\/\/hotelwada.inicial.si\/en\/global-settings\/","og_site_name":"Rimski Vrelec","article_publisher":"https:\/\/www.facebook.com\/Rimskivrelec\/","article_modified_time":"2026-01-23T00:09:21+00:00","og_image":[{"width":1200,"height":670,"url":"https:\/\/hotelwada.inicial.si\/wp-content\/uploads\/2026\/01\/Renderji-zunaj_Rimski-Render-2023-1.webp","type":"image\/webp"}],"twitter_card":"summary_large_image","twitter_misc":{"Est. reading time":"1 minute"},"schema":{"@context":"https:\/\/schema.org","@graph":[{"@type":"WebPage","@id":"https:\/\/hotelwada.inicial.si\/en\/global-settings\/","url":"https:\/\/hotelwada.inicial.si\/en\/global-settings\/","name":"Global settings - Rimski Vrelec","isPartOf":{"@id":"https:\/\/hotelwada.inicial.si\/en\/#website"},"datePublished":"2025-11-26T11:23:15+00:00","dateModified":"2026-01-23T00:09:21+00:00","breadcrumb":{"@id":"https:\/\/hotelwada.inicial.si\/en\/global-settings\/#breadcrumb"},"inLanguage":"en-US","potentialAction":[{"@type":"ReadAction","target":["https:\/\/hotelwada.inicial.si\/en\/global-settings\/"]}]},{"@type":"BreadcrumbList","@id":"https:\/\/hotelwada.inicial.si\/en\/global-settings\/#breadcrumb","itemListElement":[{"@type":"ListItem","position":1,"name":"Home","item":"https:\/\/hotelwada.inicial.si\/en\/"},{"@type":"ListItem","position":2,"name":"Global settings"}]},{"@type":"WebSite","@id":"https:\/\/hotelwada.inicial.si\/en\/#website","url":"https:\/\/hotelwada.inicial.si\/en\/","name":"Rimski Vrelec","description":"Dobrodo\u0161li v Rimski Vrelec","publisher":{"@id":"https:\/\/hotelwada.inicial.si\/en\/#organization"},"alternateName":"Rimski vrelec","potentialAction":[{"@type":"SearchAction","target":{"@type":"EntryPoint","urlTemplate":"https:\/\/hotelwada.inicial.si\/en\/?s={search_term_string}"},"query-input":{"@type":"PropertyValueSpecification","valueRequired":true,"valueName":"search_term_string"}}],"inLanguage":"en-US"},{"@type":"Organization","@id":"https:\/\/hotelwada.inicial.si\/en\/#organization","name":"Rimski Vrelec","url":"https:\/\/hotelwada.inicial.si\/en\/","logo":{"@type":"ImageObject","inLanguage":"en-US","@id":"https:\/\/hotelwada.inicial.si\/en\/#\/schema\/logo\/image\/","url":"https:\/\/hotelwada.inicial.si\/wp-content\/uploads\/2025\/12\/Rimski-vrelec-logo-empty.svg","contentUrl":"https:\/\/hotelwada.inicial.si\/wp-content\/uploads\/2025\/12\/Rimski-vrelec-logo-empty.svg","width":242,"height":64,"caption":"Rimski Vrelec"},"image":{"@id":"https:\/\/hotelwada.inicial.si\/en\/#\/schema\/logo\/image\/"},"sameAs":["https:\/\/www.facebook.com\/Rimskivrelec\/"]}]}},"_links":{"self":[{"href":"https:\/\/hotelwada.inicial.si\/en\/wp-json\/wp\/v2\/pages\/3028","targetHints":{"allow":["GET"]}}],"collection":[{"href":"https:\/\/hotelwada.inicial.si\/en\/wp-json\/wp\/v2\/pages"}],"about":[{"href":"https:\/\/hotelwada.inicial.si\/en\/wp-json\/wp\/v2\/types\/page"}],"author":[{"embeddable":true,"href":"https:\/\/hotelwada.inicial.si\/en\/wp-json\/wp\/v2\/users\/3"}],"replies":[{"embeddable":true,"href":"https:\/\/hotelwada.inicial.si\/en\/wp-json\/wp\/v2\/comments?post=3028"}],"version-history":[{"count":1,"href":"https:\/\/hotelwada.inicial.si\/en\/wp-json\/wp\/v2\/pages\/3028\/revisions"}],"predecessor-version":[{"id":3030,"href":"https:\/\/hotelwada.inicial.si\/en\/wp-json\/wp\/v2\/pages\/3028\/revisions\/3030"}],"wp:attachment":[{"href":"https:\/\/hotelwada.inicial.si\/en\/wp-json\/wp\/v2\/media?parent=3028"}],"curies":[{"name":"wp","href":"https:\/\/api.w.org\/{rel}","templated":true}]}}